{"id":1813,"date":"2018-05-26T21:00:36","date_gmt":"2018-05-26T19:00:36","guid":{"rendered":"http:\/\/edigroup.de\/wordpress\/?page_id=1813"},"modified":"2019-09-04T19:50:03","modified_gmt":"2019-09-04T17:50:03","slug":"elektrisch-mobil","status":"publish","type":"page","link":"https:\/\/www.edigroup.de\/?page_id=1813","title":{"rendered":"elektrisch mobil"},"content":{"rendered":"<p>Alles was mit Strom f\u00e4hrt, elektrisch aufladbar ist , R\u00e4der hat erzeugt Mobilit\u00e4t.<\/p>\n<p>Mobilit\u00e4t ist Freiheit.&nbsp; Teilautarkie und Selbstbestimmung. Eigenenergieerzeugung und Nutzung die K\u00fcr.&nbsp;&nbsp; (<a href=\"http:\/\/www.balkonmodul.de\" target=\"_blank\" rel=\"noopener noreferrer\">#PV2go<\/a> etc.)<br \/>\n#enJOYemobility&nbsp; ( Facebooksuche )<\/p>\n<p>#EDiGroup hat das Ziel JEDEM der ein Budget und Bedarf hat &#8211; ob Firma, Kleinunternehmer, Kommune (&#8222;reine Luft&#8220;)&nbsp; #Klimakommunen, Verkehrsbetrieben,&nbsp;&nbsp; &#8211; auch nach Absprache&nbsp; Privatpersonen &#8211;&nbsp;&nbsp; #MaaS und&nbsp; #enJOYmobility&nbsp;&nbsp; bedarfsgerecht und hersteller\u00fcbergreifend&nbsp; erleb- \/ nutzbar zu machen.<\/p>\n","protected":false},"excerpt":{"rendered":"<p>Alles was mit Strom f\u00e4hrt, elektrisch aufladbar ist , R\u00e4der hat erzeugt Mobilit\u00e4t. Mobilit\u00e4t ist Freiheit.&nbsp; Teilautarkie und Selbstbestimmung. Eigenenergieerzeugung und Nutzung die K\u00fcr.&nbsp;&nbsp; (#PV2go etc.) #enJOYemobility&nbsp; ( Facebooksuche ) #EDiGroup hat das Ziel JEDEM der ein Budget und Bedarf hat &#8211; ob Firma, Kleinunternehmer, Kommune (&#8222;reine Luft&#8220;)&nbsp; #Klimakommunen, Verkehrsbetrieben,&nbsp;&nbsp; &#8211; auch nach Absprache&nbsp; Privatpersonen &#8211;&nbsp;&nbsp; #MaaS und&nbsp; #enJOYmobility&nbsp;&nbsp; bedarfsgerecht<\/p>\n<p><a class=\"more-link\" href=\"https:\/\/www.edigroup.de\/?page_id=1813\">Weiterlesen<\/a><\/p>\n","protected":false},"author":5,"featured_media":0,"parent":0,"menu_order":110,"comment_status":"closed","ping_status":"closed","template":"","meta":{"footnotes":""},"class_list":["post-1813","page","type-page","status-publish","hentry"],"_links":{"self":[{"href":"https:\/\/www.edigroup.de\/index.php?rest_route=\/wp\/v2\/pages\/1813","targetHints":{"allow":["GET"]}}],"collection":[{"href":"https:\/\/www.edigroup.de\/index.php?rest_route=\/wp\/v2\/pages"}],"about":[{"href":"https:\/\/www.edigroup.de\/index.php?rest_route=\/wp\/v2\/types\/page"}],"author":[{"embeddable":true,"href":"https:\/\/www.edigroup.de\/index.php?rest_route=\/wp\/v2\/users\/5"}],"replies":[{"embeddable":true,"href":"https:\/\/www.edigroup.de\/index.php?rest_route=%2Fwp%2Fv2%2Fcomments&post=1813"}],"version-history":[{"count":5,"href":"https:\/\/www.edigroup.de\/index.php?rest_route=\/wp\/v2\/pages\/1813\/revisions"}],"predecessor-version":[{"id":2588,"href":"https:\/\/www.edigroup.de\/index.php?rest_route=\/wp\/v2\/pages\/1813\/revisions\/2588"}],"wp:attachment":[{"href":"https:\/\/www.edigroup.de\/index.php?rest_route=%2Fwp%2Fv2%2Fmedia&parent=1813"}],"curies":[{"name":"wp","href":"https:\/\/api.w.org\/{rel}","templated":true}]}}