{"id":1817,"date":"2018-05-26T21:32:25","date_gmt":"2018-05-26T19:32:25","guid":{"rendered":"http:\/\/edigroup.de\/wordpress\/?page_id=1817"},"modified":"2019-09-04T19:51:19","modified_gmt":"2019-09-04T17:51:19","slug":"intelligent-parken-echtzeitbeauskunftung","status":"publish","type":"page","link":"https:\/\/www.edigroup.de\/?page_id=1817","title":{"rendered":"Verkehrsfluss und Parken"},"content":{"rendered":"<h1>Referenzbeispiele &#8211; Auszug &#8211; national<\/h1>\n<section class=\"elementor-element elementor-element-a6a85c9 elementor-section-boxed elementor-section-height-default elementor-section-height-default elementor-section elementor-top-section\" data-id=\"a6a85c9\" data-element_type=\"section\">\n<div class=\"elementor-container elementor-column-gap-default\">\n<div class=\"elementor-row\">\n<div class=\"elementor-element elementor-element-3d3d6e3 elementor-column elementor-col-100 elementor-top-column\" data-id=\"3d3d6e3\" data-element_type=\"column\">\n<div class=\"elementor-column-wrap elementor-element-populated\">\n<div class=\"elementor-widget-wrap\">\n<div class=\"elementor-element elementor-element-440c106 elementor-widget elementor-widget-heading\" data-id=\"440c106\" data-element_type=\"heading.default\">\n<div class=\"elementor-widget-container\">\n<h2 class=\"elementor-heading-title elementor-size-xl\">MagSense-R &nbsp; References&nbsp;&nbsp;&nbsp;&nbsp;&nbsp; Akquise durch&nbsp;&nbsp; EDiGroup<\/h2>\n<\/div>\n<\/div>\n<div class=\"elementor-element elementor-element-64fa8a7 elementor-widget elementor-widget-text-editor\" data-id=\"64fa8a7\" data-element_type=\"text-editor.default\">\n<div class=\"elementor-widget-container\">\n<div class=\"elementor-text-editor elementor-clearfix\">\n<p>Das Einkaufzentrum von REWE \/ Mediamarkt in Leinfelden-Echterdingen bei Stuttgart nutzt erfolgreich MagSense-R mit Expertensystem. H\u00f6chst exakte<span lang=\"de\"> Erkennung und Z\u00e4hlung der Ein- und Ausg\u00e4nge (3DTC-Z\u00e4hler) der Fahrzeuge erm\u00f6glich wirtschaftlichen Komfort f\u00fcr alle Beteiligten.<br \/>\nEchtzeitdaten im Parkbereich werden gesendet,&nbsp; Verf\u00fcgbarkeiten werden an die LED-Informationsanzeigen \u00fcber die jeweilige Anzahl von freien Parkpl\u00e4tzenangezeigt. Das Einkaufszentrum hat 315 Parkpl\u00e4tze auf 3 Ebenen und es funktioniert 36524\/7.&nbsp; Das Center ist extrem besucht und das MagSense-R System ist eine gro\u00dfartige L\u00f6sung f\u00fcr die Verkehrsregulierung. Betreiber und Kunden sind sehr zufrieden.<br \/>\nOptional ist eine parallele Darstellung in Web, App(vorhanden mit Googlemaps) und Navi m\u00f6glich.<br \/>\n<\/span><\/p>\n<\/div>\n<\/div>\n<\/div>\n<\/div>\n<\/div>\n<\/div>\n<\/div>\n<\/div>\n<\/section>\n<section class=\"elementor-element elementor-element-9956d61 elementor-section-boxed elementor-section-height-default elementor-section-height-default elementor-section elementor-top-section\" data-id=\"9956d61\" data-element_type=\"section\">\n<div class=\"elementor-container elementor-column-gap-default\">\n<div class=\"elementor-row\">\n<div class=\"elementor-element elementor-element-46f583a elementor-column elementor-col-50 elementor-top-column\" data-id=\"46f583a\" data-element_type=\"column\">\n<div class=\"elementor-column-wrap elementor-element-populated\">\n<div class=\"elementor-widget-wrap\">\n<div class=\"elementor-element elementor-element-aa059bf elementor-widget elementor-widget-image\" data-id=\"aa059bf\" data-element_type=\"image.default\">\n<div class=\"elementor-widget-container\">\n<div class=\"elementor-image\"><img fetchpriority=\"high\" decoding=\"async\" class=\"attachment-large size-large\" src=\"https:\/\/mobilisis.hr\/wp-content\/uploads\/2018\/01\/Picture2-1.png\" sizes=\"(max-width: 858px) 100vw, 858px\" srcset=\"https:\/\/mobilisis.hr\/wp-content\/uploads\/2018\/01\/Picture2-1.png 858w, https:\/\/mobilisis.hr\/wp-content\/uploads\/2018\/01\/Picture2-1-300x192.png 300w, https:\/\/mobilisis.hr\/wp-content\/uploads\/2018\/01\/Picture2-1-768x492.png 768w\" alt=\"\" width=\"858\" height=\"550\"><\/div>\n<\/div>\n<\/div>\n<\/div>\n<\/div>\n<\/div>\n<div class=\"elementor-element elementor-element-7305cf5 elementor-column elementor-col-50 elementor-top-column\" data-id=\"7305cf5\" data-element_type=\"column\">\n<div class=\"elementor-column-wrap elementor-element-populated\">\n<div class=\"elementor-widget-wrap\">\n<div class=\"elementor-element elementor-element-0533664 elementor-widget elementor-widget-image\" data-id=\"0533664\" data-element_type=\"image.default\">\n<div class=\"elementor-widget-container\">\n<div class=\"elementor-image\"><img decoding=\"async\" class=\"attachment-large size-large\" src=\"https:\/\/mobilisis.hr\/wp-content\/uploads\/2018\/01\/Picture1-1.png\" sizes=\"(max-width: 860px) 100vw, 860px\" srcset=\"https:\/\/mobilisis.hr\/wp-content\/uploads\/2018\/01\/Picture1-1.png 860w, https:\/\/mobilisis.hr\/wp-content\/uploads\/2018\/01\/Picture1-1-300x161.png 300w, https:\/\/mobilisis.hr\/wp-content\/uploads\/2018\/01\/Picture1-1-768x413.png 768w\" alt=\"\" width=\"860\" height=\"462\"><\/div>\n<\/div>\n<\/div>\n<\/div>\n<\/div>\n<\/div>\n<div>++<\/div>\n<\/div>\n<\/div>\n<div><\/div>\n<div class=\"elementor-container elementor-column-gap-default\">\n<div>\n<p>UseCase&nbsp;&nbsp; Israel<\/p>\n<section class=\"elementor-element elementor-element-d182fc1 elementor-section-boxed elementor-section-height-default elementor-section-height-default elementor-section elementor-top-section\" data-id=\"d182fc1\" data-element_type=\"section\">\n<div class=\"elementor-container elementor-column-gap-default\">\n<div class=\"elementor-row\">\n<div class=\"elementor-element elementor-element-1002a25 elementor-column elementor-col-33 elementor-top-column\" data-id=\"1002a25\" data-element_type=\"column\">\n<div class=\"elementor-column-wrap elementor-element-populated\">\n<div class=\"elementor-widget-wrap\">\n<div class=\"elementor-element elementor-element-61f8fbc elementor-widget elementor-widget-image\" data-id=\"61f8fbc\" data-element_type=\"image.default\">\n<div class=\"elementor-widget-container\">\n<div class=\"elementor-image\"><img decoding=\"async\" class=\"attachment-large size-large\" src=\"https:\/\/mobilisis.hr\/wp-content\/uploads\/2018\/01\/Picture1-5.png\" sizes=\"(max-width: 727px) 100vw, 727px\" srcset=\"https:\/\/mobilisis.hr\/wp-content\/uploads\/2018\/01\/Picture1-5.png 727w, https:\/\/mobilisis.hr\/wp-content\/uploads\/2018\/01\/Picture1-5-222x300.png 222w\" alt=\"\" width=\"727\" height=\"983\"><\/div>\n<\/div>\n<\/div>\n<\/div>\n<\/div>\n<\/div>\n<div class=\"elementor-element elementor-element-7d73f32 elementor-column elementor-col-33 elementor-top-column\" data-id=\"7d73f32\" data-element_type=\"column\">\n<div class=\"elementor-column-wrap elementor-element-populated\">\n<div class=\"elementor-widget-wrap\">\n<div class=\"elementor-element elementor-element-4413e37 elementor-widget elementor-widget-image\" data-id=\"4413e37\" data-element_type=\"image.default\">\n<div class=\"elementor-widget-container\">\n<div class=\"elementor-image\"><img loading=\"lazy\" decoding=\"async\" class=\"attachment-large size-large\" src=\"https:\/\/mobilisis.hr\/wp-content\/uploads\/2018\/01\/Picture2-4.png\" sizes=\"(max-width: 943px) 100vw, 943px\" srcset=\"https:\/\/mobilisis.hr\/wp-content\/uploads\/2018\/01\/Picture2-4.png 943w, https:\/\/mobilisis.hr\/wp-content\/uploads\/2018\/01\/Picture2-4-300x170.png 300w, https:\/\/mobilisis.hr\/wp-content\/uploads\/2018\/01\/Picture2-4-768x434.png 768w\" alt=\"\" width=\"943\" height=\"533\"><\/div>\n<\/div>\n<\/div>\n<\/div>\n<\/div>\n<\/div>\n<\/div>\n<\/div>\n<\/section>\n<p>&nbsp;(c)&nbsp; (R)&nbsp;&nbsp; MobiliSis D.O.O.<em><br \/>\n<\/em><\/p>\n<p>Stadt Jerusalem &#8211; Israel &#8211; Einzelstellplatz Parksystem &#8211; ausserhalb markiertem Parkraum &#8211;<\/p>\n<p>In Jerusalem, Israel wurde MagSense-R&nbsp;&nbsp; f\u00fcr 200 Pl\u00e4tze installiert. MagSense-R ist die clevere L\u00f6sung, die den Parkkunden intelligent hilft, bestimmte Parkpl\u00e4tze zu finden, die<strong> nicht markiert und entsprechend ausgewiesen sind.<\/strong><\/p>\n<p>Der Benutzer hat auch jederzeit komfortabel die M\u00f6glichkeit, den Status von Parkbereichen zu erkennen. Mithilfe der mobilen Anwendung&nbsp; kann komfortabel zu einem freien Parkplatz navigiert werden.<\/p>\n<p>Proaktiv informieren in der Stadt positionierte Displays&nbsp; den Mobilisten regelm\u00e4\u00dfig \u00fcber die Anzahl der freien Pl\u00e4tze auf den Stra\u00dfen. (Dynamisches Parkleitsystem, f\u00fcr UNMARKIERTE Parkfl\u00e4chen.&nbsp; Auch f\u00fcr handicapped people, Ladestationen, #Sonderstellfl\u00e4chendetektion etc.&nbsp; nutzbar)<\/p>\n<p>&nbsp;<\/p>\n<p><em>Anfragen&nbsp; gern an&nbsp; @parkingsensors (Facebook) oder per Mail<\/em><\/p>\n<\/div>\n<\/div>\n<\/section>\n","protected":false},"excerpt":{"rendered":"<p>Referenzbeispiele &#8211; Auszug &#8211; national MagSense-R &nbsp; References&nbsp;&nbsp;&nbsp;&nbsp;&nbsp; Akquise durch&nbsp;&nbsp; EDiGroup Das Einkaufzentrum von REWE \/ Mediamarkt in Leinfelden-Echterdingen bei Stuttgart nutzt erfolgreich MagSense-R mit Expertensystem. H\u00f6chst exakte Erkennung und Z\u00e4hlung der Ein- und Ausg\u00e4nge (3DTC-Z\u00e4hler) der Fahrzeuge erm\u00f6glich wirtschaftlichen Komfort f\u00fcr alle Beteiligten. Echtzeitdaten im Parkbereich werden gesendet,&nbsp; Verf\u00fcgbarkeiten werden an die LED-Informationsanzeigen \u00fcber die jeweilige Anzahl von freien<\/p>\n<p><a class=\"more-link\" href=\"https:\/\/www.edigroup.de\/?page_id=1817\">Weiterlesen<\/a><\/p>\n","protected":false},"author":5,"featured_media":0,"parent":0,"menu_order":140,"comment_status":"closed","ping_status":"closed","template":"","meta":{"footnotes":""},"class_list":["post-1817","page","type-page","status-publish","hentry"],"_links":{"self":[{"href":"https:\/\/www.edigroup.de\/index.php?rest_route=\/wp\/v2\/pages\/1817","targetHints":{"allow":["GET"]}}],"collection":[{"href":"https:\/\/www.edigroup.de\/index.php?rest_route=\/wp\/v2\/pages"}],"about":[{"href":"https:\/\/www.edigroup.de\/index.php?rest_route=\/wp\/v2\/types\/page"}],"author":[{"embeddable":true,"href":"https:\/\/www.edigroup.de\/index.php?rest_route=\/wp\/v2\/users\/5"}],"replies":[{"embeddable":true,"href":"https:\/\/www.edigroup.de\/index.php?rest_route=%2Fwp%2Fv2%2Fcomments&post=1817"}],"version-history":[{"count":6,"href":"https:\/\/www.edigroup.de\/index.php?rest_route=\/wp\/v2\/pages\/1817\/revisions"}],"predecessor-version":[{"id":2591,"href":"https:\/\/www.edigroup.de\/index.php?rest_route=\/wp\/v2\/pages\/1817\/revisions\/2591"}],"wp:attachment":[{"href":"https:\/\/www.edigroup.de\/index.php?rest_route=%2Fwp%2Fv2%2Fmedia&parent=1817"}],"curies":[{"name":"wp","href":"https:\/\/api.w.org\/{rel}","templated":true}]}}