{"id":1819,"date":"2018-05-26T21:00:48","date_gmt":"2018-05-26T19:00:48","guid":{"rendered":"http:\/\/edigroup.de\/wordpress\/?page_id=1819"},"modified":"2019-09-04T19:50:37","modified_gmt":"2019-09-04T17:50:37","slug":"mobilitaetskonzepte","status":"publish","type":"page","link":"https:\/\/www.edigroup.de\/?page_id=1819","title":{"rendered":"Mobilit\u00e4tskonzepte"},"content":{"rendered":"<p>Wir das Team EDiGroup,&nbsp; sind seit vielen Jahren vertraut in multimodalen und eMobilit\u00e4tsanwendungen f\u00fcr die Praxis &#8211; aus der Praxis.<\/p>\n<p>Freiheit mobil sein zu d\u00fcrfen &#8211; ist ein hohes Gut.<\/p>\n<p>Egal welchen Mobilit\u00e4tsbedarf Sie haben &#8211; wenn dieser elektrisch sinnvoll und f\u00fcr Sie nutzenstiftend in der Praxis e(r)-Fahrbar ist &#8211;&nbsp; freuen wir uns.<\/p>\n<p>Ob Ortsverkehre, Nahverkehre, Pendelverkehre, Fernverkehre&nbsp; &#8230; Integration&nbsp; und problemlose Nutzug, die&nbsp; durchg\u00e4ngige Integration sind unsere Spezialit\u00e4t.<\/p>\n<p>Fragen Sie uns, Beratung Umsetzung Realisierung und Innovation sind unser Metier.<\/p>\n","protected":false},"excerpt":{"rendered":"<p>Wir das Team EDiGroup,&nbsp; sind seit vielen Jahren vertraut in multimodalen und eMobilit\u00e4tsanwendungen f\u00fcr die Praxis &#8211; aus der Praxis. Freiheit mobil sein zu d\u00fcrfen &#8211; ist ein hohes Gut. Egal welchen Mobilit\u00e4tsbedarf Sie haben &#8211; wenn dieser elektrisch sinnvoll und f\u00fcr Sie nutzenstiftend in der Praxis e(r)-Fahrbar ist &#8211;&nbsp; freuen wir uns. Ob Ortsverkehre, Nahverkehre, Pendelverkehre, Fernverkehre&nbsp; &#8230; Integration&nbsp;<\/p>\n<p><a class=\"more-link\" href=\"https:\/\/www.edigroup.de\/?page_id=1819\">Weiterlesen<\/a><\/p>\n","protected":false},"author":5,"featured_media":0,"parent":0,"menu_order":130,"comment_status":"closed","ping_status":"closed","template":"","meta":{"footnotes":""},"class_list":["post-1819","page","type-page","status-publish","hentry"],"_links":{"self":[{"href":"https:\/\/www.edigroup.de\/index.php?rest_route=\/wp\/v2\/pages\/1819","targetHints":{"allow":["GET"]}}],"collection":[{"href":"https:\/\/www.edigroup.de\/index.php?rest_route=\/wp\/v2\/pages"}],"about":[{"href":"https:\/\/www.edigroup.de\/index.php?rest_route=\/wp\/v2\/types\/page"}],"author":[{"embeddable":true,"href":"https:\/\/www.edigroup.de\/index.php?rest_route=\/wp\/v2\/users\/5"}],"replies":[{"embeddable":true,"href":"https:\/\/www.edigroup.de\/index.php?rest_route=%2Fwp%2Fv2%2Fcomments&post=1819"}],"version-history":[{"count":2,"href":"https:\/\/www.edigroup.de\/index.php?rest_route=\/wp\/v2\/pages\/1819\/revisions"}],"predecessor-version":[{"id":2589,"href":"https:\/\/www.edigroup.de\/index.php?rest_route=\/wp\/v2\/pages\/1819\/revisions\/2589"}],"wp:attachment":[{"href":"https:\/\/www.edigroup.de\/index.php?rest_route=%2Fwp%2Fv2%2Fmedia&parent=1819"}],"curies":[{"name":"wp","href":"https:\/\/api.w.org\/{rel}","templated":true}]}}