{"id":2004,"date":"2018-05-28T23:56:04","date_gmt":"2018-05-28T21:56:04","guid":{"rendered":"http:\/\/edigroup.de\/wordpress\/?page_id=2004"},"modified":"2019-07-26T19:04:25","modified_gmt":"2019-07-26T17:04:25","slug":"verkehrsfluss-optimierungen","status":"publish","type":"page","link":"https:\/\/www.edigroup.de\/?page_id=2004","title":{"rendered":"Verkehrsfluss-Pr\u00fcfungen unten"},"content":{"rendered":"<section class=\"elementor-element elementor-element-dryfezg elementor-section-boxed elementor-section-height-default elementor-section-height-default elementor-section elementor-top-section\" data-id=\"dryfezg\" data-element_type=\"section\">\n<div class=\"elementor-container elementor-column-gap-default\">\n<div class=\"elementor-row\">\n<div class=\"elementor-element elementor-element-figaiiw elementor-column elementor-col-100 elementor-top-column\" data-id=\"figaiiw\" data-element_type=\"column\">\n<div class=\"elementor-column-wrap elementor-element-populated\">\n<div class=\"elementor-widget-wrap\">\n<div class=\"elementor-element elementor-element-deuazex elementor-widget elementor-widget-heading\" data-id=\"deuazex\" data-element_type=\"heading.default\">\n<div class=\"elementor-widget-container\">\n<h2 class=\"elementor-heading-title elementor-size-xl\">#Echtzeit dynamische Verkehrsmengenmessungen<\/h2>\n<h2><\/h2>\n<h2 class=\"elementor-heading-title elementor-size-xl\">3DTC Traffic Counter<\/h2>\n<\/div>\n<\/div>\n<\/div>\n<\/div>\n<\/div>\n<\/div>\n<\/div>\n<\/section>\n<section class=\"elementor-element elementor-element-jseipkq elementor-section-boxed elementor-section-height-default elementor-section-height-default elementor-section elementor-top-section\" data-id=\"jseipkq\" data-element_type=\"section\">\n<div class=\"elementor-container elementor-column-gap-default\">\n<div class=\"elementor-row\">\n<div class=\"elementor-element elementor-element-taqjiqc elementor-column elementor-col-50 elementor-top-column\" data-id=\"taqjiqc\" data-element_type=\"column\">\n<div class=\"elementor-column-wrap elementor-element-populated\">\n<div class=\"elementor-widget-wrap\">\n<section class=\"elementor-element elementor-element-lnssiac elementor-section-boxed elementor-section-height-default elementor-section-height-default elementor-section elementor-inner-section\" data-id=\"lnssiac\" data-element_type=\"section\">\n<div class=\"elementor-container elementor-column-gap-default\">\n<div class=\"elementor-row\">\n<div class=\"elementor-element elementor-element-zwvktuj elementor-column elementor-col-100 elementor-inner-column\" data-id=\"zwvktuj\" data-element_type=\"column\">\n<div class=\"elementor-column-wrap elementor-element-populated\">\n<div class=\"elementor-widget-wrap\">\n<div class=\"elementor-element elementor-element-qwttrtb elementor-widget elementor-widget-heading\" data-id=\"qwttrtb\" data-element_type=\"heading.default\">\n<div class=\"elementor-widget-container\">\n<h3 class=\"elementor-heading-title elementor-size-default\"><\/h3>\n<h3 class=\"elementor-heading-title elementor-size-default\">Produktbeschreibung<\/h3>\n<\/div>\n<\/div>\n<div class=\"elementor-element elementor-element-ztpgkzp elementor-widget elementor-widget-text-editor\" data-id=\"ztpgkzp\" data-element_type=\"text-editor.default\">\n<div class=\"elementor-widget-container\">\n<div class=\"elementor-text-editor elementor-clearfix\">\n<p><em>Die patentierte\u00a0 Magnetfeldsensorik mit Expertensystem (KI), mit Breitband-\/ Internetverbindung, er\u00f6ffnet\u00a0 Ihnen als #Infrastrukturbetreiber,\u00a0 mit dem 3DTC Traffic Counter neue M\u00f6glichkeiten Fahrzeuge mit h\u00f6chst exakt und schnell zu z\u00e4hlen, zu detektieren. Damit lassen sich eine Vielzahl von Anwendungen zur Verkehrssteuerung \/ Emissionsteuerung bequem und effizient skalierbar umsetzen.<\/em><\/p>\n<p>Der 3DTC Traffic Counter ist ein hochmodernes System f\u00fcr die pr\u00e4zise und zuverl\u00e4ssige Z\u00e4hlung von Fahrzeugen und die Erkennung von Wetter-, Oberfl\u00e4chen- und Verkehrsbedingungen bei Geschwindigkeiten von 0 bis zu 220 km \/ h.<\/p>\n<p>Das (kabelbasierte) System ist skalierbar. Anforderungen eines kleinen Stadtgasthof-Parkplatzes zum Beispiel als eigenst\u00e4ndiges System, bis hin zu mehrgeschossigen\u00a0 Garagen\u00a0 (Referenz u.a. Flughafenparkhaus P3\u00a0\u00a0 K\u00f6ln Bonn \u00fcber 6000 Parkpl\u00e4tze) gerecht zu werden.<\/p>\n<p>Gesamtintegration z.B. in\u00a0 Bestandsprodukte wie SIPARK (R), als Teil eines kompletten Management- und Leitsystems ebenso geeignet wie als Standalone.<\/p>\n<p><em>Das 3DTC-System besteht aus WiGo-Controller und Sensorbus. #Rampenz\u00e4hlung, #Fahrgassenz\u00e4hlung\u00a0\u00a0 (c)\u00a0 Auszug des MagSense-(R) Portfolios<br \/>\n<\/em><\/p>\n<\/div>\n<\/div>\n<\/div>\n<\/div>\n<\/div>\n<\/div>\n<\/div>\n<\/div>\n<\/section>\n<section class=\"elementor-element elementor-element-mvamsrf elementor-section-boxed elementor-section-height-default elementor-section-height-default elementor-section elementor-inner-section\" data-id=\"mvamsrf\" data-element_type=\"section\">\n<div class=\"elementor-container elementor-column-gap-default\">\n<div class=\"elementor-row\">\n<div class=\"elementor-element elementor-element-biixqln elementor-column elementor-col-100 elementor-inner-column\" data-id=\"biixqln\" data-element_type=\"column\">\n<div class=\"elementor-column-wrap elementor-element-populated\">\n<div class=\"elementor-widget-wrap\">\n<div class=\"elementor-element elementor-element-rhiagco elementor-widget elementor-widget-heading\" data-id=\"rhiagco\" data-element_type=\"heading.default\">\n<div class=\"elementor-widget-container\">\n<h3 class=\"elementor-heading-title elementor-size-default\">Key features:<\/h3>\n<\/div>\n<\/div>\n<div class=\"elementor-element elementor-element-fptosku elementor-widget elementor-widget-text-editor\" data-id=\"fptosku\" data-element_type=\"text-editor.default\">\n<div class=\"elementor-widget-container\">\n<div class=\"elementor-text-editor elementor-clearfix\">\n<div class=\"elementor-element elementor-element-fptosku elementor-widget elementor-widget-text-editor\" data-id=\"fptosku\" data-element_type=\"text-editor.default\">\n<div class=\"elementor-widget-container\">\n<div class=\"elementor-text-editor elementor-clearfix\">\n<ul>\n<li><em>Schnelle, genaue und zuverl\u00e4ssige Fahrzeugerkennung unabh\u00e4ngig von Verkehr, Wetter und Oberfl\u00e4chenbeschaffenheit<\/em><\/li>\n<li><em>Zuverl\u00e4ssige Erkennung von Fahrzeuggeschwindigkeit und &#8211; richtung<\/em><\/li>\n<li><em>Detektion durch Stahl oder Beton bis zu 500 mm Dicke<\/em><\/li>\n<li><em>Verkehrsz\u00e4hlung von bis zu 8 Spuren<\/em><\/li>\n<li><em>\u00a0Erm\u00f6glicht einen wartungsfreien Betrieb &#8211; ohne Batterie \/ Akku<\/em><\/li>\n<li><em>sehr Energieeffizient<\/em><\/li>\n<li><em>Unterst\u00fctzung f\u00fcr Over-the-Air-Firmware-Aktualisierung<\/em><\/li>\n<li><em>exakte Fahrtrichtungsdetektion<\/em><\/li>\n<\/ul>\n<\/div>\n<\/div>\n<\/div>\n<\/div>\n<\/div>\n<\/div>\n<\/div>\n<\/div>\n<\/div>\n<\/div>\n<\/div>\n<\/section>\n<section class=\"elementor-element elementor-element-7a0cc93 elementor-section-boxed elementor-section-height-default elementor-section-height-default elementor-section elementor-inner-section\" data-id=\"7a0cc93\" data-element_type=\"section\">\n<div class=\"elementor-container elementor-column-gap-default\">\n<div class=\"elementor-row\">\n<div class=\"elementor-element elementor-element-0e3e15b elementor-column elementor-col-100 elementor-inner-column\" data-id=\"0e3e15b\" data-element_type=\"column\">\n<div class=\"elementor-column-wrap elementor-element-populated\">\n<div class=\"elementor-widget-wrap\">\n<div class=\"elementor-element elementor-element-1d10e89 elementor-widget elementor-widget-heading\" data-id=\"1d10e89\" data-element_type=\"heading.default\">\n<div class=\"elementor-widget-container\">\n<h3 class=\"elementor-heading-title elementor-size-default\"><\/h3>\n<h3 class=\"elementor-heading-title elementor-size-default\">Benefits<\/h3>\n<\/div>\n<\/div>\n<div class=\"elementor-element elementor-element-b52ae73 elementor-widget elementor-widget-text-editor\" data-id=\"b52ae73\" data-element_type=\"text-editor.default\">\n<div class=\"elementor-widget-container\">\n<div class=\"elementor-text-editor elementor-clearfix\">\n<ul>\n<li><em>Echtzeit-Parkinformationen rund um die Uhr\u00a0 365\/7\/24h<\/em><\/li>\n<li><em>Installationen in Parkh\u00e4usern ohne Betriebsunterbrechung oder Verz\u00f6gerungen f\u00fcr Kunden<\/em><\/li>\n<li><em>Built-in hochintegriert. Vielf\u00e4ltiges Spektrum an Konnektivit\u00e4ten, verkabelt und drahtlos<\/em><\/li>\n<li><em>gleichzeitiges Z\u00e4hlen von bis zu 8 Fahrspuren mit einem Ger\u00e4t<\/em><\/li>\n<li><em>Minimale Wartungskosten<\/em><\/li>\n<li><em>Einfache Integration in bestehende Parksysteme<\/em><\/li>\n<li><em>Einfache Integration in bestehende IT-Infrastruktur<\/em><\/li>\n<li><em>Komfortfunktion Parkkundenf\u00fchrung zum n\u00e4chsten freien Parkplatz mit einer Smartphone-App<\/em><\/li>\n<\/ul>\n<\/div>\n<\/div>\n<\/div>\n<\/div>\n<\/div>\n<\/div>\n<\/div>\n<\/div>\n<\/section>\n<section class=\"elementor-element elementor-element-a36adec elementor-section-boxed elementor-section-height-default elementor-section-height-default elementor-section elementor-inner-section\" data-id=\"a36adec\" data-element_type=\"section\">\n<div class=\"elementor-container elementor-column-gap-default\">\n<div class=\"elementor-row\">\n<div class=\"elementor-element elementor-element-c5b420f elementor-column elementor-col-50 elementor-inner-column\" data-id=\"c5b420f\" data-element_type=\"column\">\n<div class=\"elementor-column-wrap elementor-element-populated\">\n<div class=\"elementor-widget-wrap\">\n<div class=\"elementor-element elementor-element-fae26e9 elementor-widget elementor-widget-image\" data-id=\"fae26e9\" data-element_type=\"image.default\"><\/div>\n<\/div>\n<\/div>\n<\/div>\n<\/div>\n<\/div>\n<\/section>\n<\/div>\n<\/div>\n<\/div>\n<div class=\"elementor-element elementor-element-lcvcrgq elementor-column elementor-col-50 elementor-top-column\" data-id=\"lcvcrgq\" data-element_type=\"column\">\n<div class=\"elementor-column-wrap elementor-element-populated\">\n<div class=\"elementor-widget-wrap\">\n<div class=\"elementor-element elementor-element-ckmnmqp elementor-widget elementor-widget-text-editor\" data-id=\"ckmnmqp\" data-element_type=\"text-editor.default\">\n<div class=\"elementor-widget-container\">\n<div class=\"elementor-text-editor elementor-clearfix\"><\/div>\n<\/div>\n<\/div>\n<div class=\"elementor-element elementor-element-avngwoe elementor-widget elementor-widget-text-editor\" data-id=\"avngwoe\" data-element_type=\"text-editor.default\">\n<div class=\"elementor-widget-container\">\n<div class=\"elementor-text-editor elementor-clearfix\">\n<p><em>Anwendungsbeispiele:<\/em><\/p>\n<ul>\n<li><em>Tiefgaragen, wirtschaftliche Oberdeckdetektion- von Parkhausanlagen jeder Gr\u00f6\u00dfe<\/em><\/li>\n<li><em>Parkm\u00f6glichkeiten auf mehreren Ebenen<\/em><\/li>\n<li><em>Einbahnstra\u00dfen &#8211; Falschfahrzeugerkennung<\/em><\/li>\n<li><em>Kreisverkehre, Br\u00fccken, Tunnel<\/em><\/li>\n<li><em>Fahrzeugz\u00e4hlung an Rampen und Querschnitten<\/em><\/li>\n<li><em>Zugangskontrolle (private Garagen, Tore oder Barrieren)<\/em><\/li>\n<\/ul>\n<p>Spezifikationen und Referenzen auf Anfrage via <a href=\"mailto:nbps@edigroup.de\">E-Mail<\/a>.<\/p>\n<p><a href=\"https:\/\/www.mobilisis.hr\/trajector\" target=\"_blank\" rel=\"noopener noreferrer\">Trajector<\/a> (c)\u00a0 Trajector ist ein Fahrzeugerkennungssystem zur exakten Geschwindigkeit, Richtung, L\u00e4nge, Vordermann-Erkennung, Kolonnenfahrzeugz\u00e4hlung, Verfolgung der Staul\u00e4nge und mehr.<br \/>\nAuch als #Verkehrsmengenz\u00e4hler skalierbar und in Echtzeit bei Fahrzeugz\u00e4hlung 365\/7\/24 h verwendbar.<\/p>\n<p>Anwendungsbeispiele:<br \/>\nAutobahnen \/ Stra\u00dfenkreuzung\/ Kreisverkehre \/Depots \/ Umschlagpl\u00e4tze \/ H\u00e4fen \/ LogistikCenter \/ LKW-Parkpl\u00e4tze \/ Rasth\u00f6fe \/ Intelligente St\u00e4dte \/ greenCity \/ #SmartCity \/ #MaaS<\/p>\n<\/div>\n<\/div>\n<\/div>\n<\/div>\n<\/div>\n<\/div>\n<\/div>\n<\/div>\n<\/section>\n","protected":false},"excerpt":{"rendered":"<p>#Echtzeit dynamische Verkehrsmengenmessungen 3DTC Traffic Counter Produktbeschreibung Die patentierte\u00a0 Magnetfeldsensorik mit Expertensystem (KI), mit Breitband-\/ Internetverbindung, er\u00f6ffnet\u00a0 Ihnen als #Infrastrukturbetreiber,\u00a0 mit dem 3DTC Traffic Counter neue M\u00f6glichkeiten Fahrzeuge mit h\u00f6chst exakt und schnell zu z\u00e4hlen, zu detektieren. Damit lassen sich eine Vielzahl von Anwendungen zur Verkehrssteuerung \/ Emissionsteuerung bequem und effizient skalierbar umsetzen. Der 3DTC Traffic Counter ist ein hochmodernes<\/p>\n<p><a class=\"more-link\" href=\"https:\/\/www.edigroup.de\/?page_id=2004\">Weiterlesen<\/a><\/p>\n","protected":false},"author":5,"featured_media":0,"parent":1817,"menu_order":0,"comment_status":"closed","ping_status":"closed","template":"","meta":{"footnotes":""},"class_list":["post-2004","page","type-page","status-publish","hentry"],"_links":{"self":[{"href":"https:\/\/www.edigroup.de\/index.php?rest_route=\/wp\/v2\/pages\/2004","targetHints":{"allow":["GET"]}}],"collection":[{"href":"https:\/\/www.edigroup.de\/index.php?rest_route=\/wp\/v2\/pages"}],"about":[{"href":"https:\/\/www.edigroup.de\/index.php?rest_route=\/wp\/v2\/types\/page"}],"author":[{"embeddable":true,"href":"https:\/\/www.edigroup.de\/index.php?rest_route=\/wp\/v2\/users\/5"}],"replies":[{"embeddable":true,"href":"https:\/\/www.edigroup.de\/index.php?rest_route=%2Fwp%2Fv2%2Fcomments&post=2004"}],"version-history":[{"count":9,"href":"https:\/\/www.edigroup.de\/index.php?rest_route=\/wp\/v2\/pages\/2004\/revisions"}],"predecessor-version":[{"id":2550,"href":"https:\/\/www.edigroup.de\/index.php?rest_route=\/wp\/v2\/pages\/2004\/revisions\/2550"}],"up":[{"embeddable":true,"href":"https:\/\/www.edigroup.de\/index.php?rest_route=\/wp\/v2\/pages\/1817"}],"wp:attachment":[{"href":"https:\/\/www.edigroup.de\/index.php?rest_route=%2Fwp%2Fv2%2Fmedia&parent=2004"}],"curies":[{"name":"wp","href":"https:\/\/api.w.org\/{rel}","templated":true}]}}