{"id":2021,"date":"2018-05-28T23:59:42","date_gmt":"2018-05-28T21:59:42","guid":{"rendered":"http:\/\/edigroup.de\/wordpress\/?page_id=2021"},"modified":"2019-09-04T19:56:51","modified_gmt":"2019-09-04T17:56:51","slug":"e-fahrraeder","status":"publish","type":"page","link":"https:\/\/www.edigroup.de\/?page_id=2021","title":{"rendered":"E-Fahrr\u00e4der"},"content":{"rendered":"\n<ul class=\"wp-block-gallery columns-1 is-cropped wp-block-gallery-1 is-layout-flex wp-block-gallery-is-layout-flex\"><li class=\"blocks-gallery-item\"><figure><a href=\"https:\/\/www.edigroup.de\/wp-content\/uploads\/2019\/05\/R3Airwhee_Wahl.jpg\"><img fetchpriority=\"high\" decoding=\"async\" width=\"960\" height=\"720\" src=\"https:\/\/www.edigroup.de\/wp-content\/uploads\/2019\/05\/R3Airwhee_Wahl.jpg\" alt=\"\" data-id=\"2433\" data-link=\"http:\/\/www.edigroup.de\/?attachment_id=2433\" class=\"wp-image-2433\"\/><\/a><figcaption>Multimodal unterwegs <\/figcaption><\/figure><\/li><\/ul>\n\n\n<p><span style=\"color: #000000;\"><a style=\"color: #000000;\" href=\"https:\/\/www.airwheel-balancer.de\/produkte\/airwheel-r3-ebike\/produkt-info-video\/\" target=\"_blank\" rel=\"noopener noreferrer\">Video R3 <\/a><\/span>J <a href=\"https:\/\/www.youtube.com\/watch?time_continue=3&amp;v=VOhxTrIFe-E\" target=\"_blank\" rel=\"noopener noreferrer\"><em><strong><span style=\"color: #ff0000;\">Youtube<\/span><\/strong><\/em> R3<\/a><\/p>\n<p>Je nach Mobilit\u00e4tsanspruch, Einsatzgebiet&nbsp; und Budget sind unterschiedlichste E-Fahrr\u00e4der am Markt erh\u00e4ltlich.<\/p>\n<p>Wir unterscheiden hier zwischen:<\/p>\n<p>-Pedelecs (bis 25 km\/h Tretunterst\u00fctzung motorisch)<\/p>\n<p>-eBikes (bis 45 km\/h&nbsp; mit Nummernschild&nbsp; und Helm)<\/p>\n<p>PS: Seit der EuroBike 2018&nbsp; =&gt;&nbsp; haben wir die&nbsp; <strong>&#8222;the next generation Bicycle Helmets&#8220;<\/strong> mit Bremslicht, Richtungsanzeiger, Licht in 3 Farben verf\u00fcgbar in verschiedenen Farben.<\/p>\n<p>Sicherheit und Komfort innovativ&nbsp; (Mobility as a Service kurz #MaaS) ist unser Premiumanspruch. Authentisch im Einsatz.<\/p>\n<p>Wir sind gelistete&nbsp;<strong><span style=\"color: #ff0000;\"> <a style=\"color: #ff0000;\" href=\"https:\/\/lumoshelmet.co\/products\/lumos-helmet\" target=\"_blank\" rel=\"noopener noreferrer\">H\u00e4ndler Lumos = EDiGroup<\/a><\/span><\/strong>&nbsp;&nbsp; (c)&nbsp; <a href=\"https:\/\/eu.lumoshelmet.co\/\" target=\"_blank\" rel=\"noopener noreferrer\">Europa EDiGroup&nbsp; (c)&nbsp;<\/a><\/p>\n<p><a href=\"https:\/\/www.edigroup.de\/wp-content\/uploads\/2019\/05\/R3Airwheel_klappen.jpg\"><img decoding=\"async\" class=\"size-full wp-image-2435\" src=\"https:\/\/www.edigroup.de\/wp-content\/uploads\/2019\/05\/R3Airwheel_klappen.jpg\" alt=\"\" width=\"960\" height=\"720\"><\/a><\/p>\n<p><a href=\"https:\/\/www.airwheel-balancer.de\/produkte\/airwheel-r3-ebike\/produkt-info-video\/\" target=\"_blank\" rel=\"noopener noreferrer\">Videolink unten<\/a><\/p>\n<p>als Empfehlung f\u00fcr Bus, Bahn, Schiff&nbsp; etc.&nbsp; (Multimodal, ePendler,&nbsp; &#8230; Verkehrsbetriebe, Unternehmen aller Art, F\u00f6rderung der Mitarbeitergesundheit&nbsp; f\u00fcr aktive #CorporateSocialResponsibility &#8230;)<\/p>\n<p>Das Airwheel R3 ist zum Beispiel Dein perfekter Begleiter auf Kurz- bis Mittelstrecke, ideal f\u00fcr Camping und St\u00e4dtetrips. Mit der einfachen Klapptechnologie kannst Du Dein R3 problemlos im Kofferraum Deines Autos oder Campingwagen mit Dir f\u00fchren.<\/p>\n<p>Der Ultrastarke 214.6Wh LG-Lithium Ionen Akku hat gen\u00fcgend Power um Dich bis zu 60-85km im Kraft unterst\u00fctzenden Modus zu begleiten. Der 235Watt starke Elektroantrieb schafft m\u00fchelos ca. 20-35 km im reinen Elektromodus und bringt Dich auch ohne zu treten ans Ziel. (c)<br><a href=\"http:\/\/www.edigroup.de\/?page_id=2021\" target=\"_blank\" rel=\"noopener noreferrer\"><span style=\"color: #ff0000;\"><strong>Video R3<\/strong>&nbsp;&nbsp;<\/span><\/a><\/p>\n<p>++<\/p>\n<p>Das rekuperiende <a href=\"https:\/\/lnkd.in\/dpMuRTB\" target=\"_blank\" rel=\"noopener noreferrer\">#Elbybike <\/a> ist in einem anderen Mobilit\u00e4tsbereich&nbsp; unterwegs.<br>Je nach Zielgruppe und Bike-Mobilit\u00e4tsbedarfen.<\/p>\n<p>Bequem als Tiefeinsteiger, komfortbewusst, skalierbarer Rekuperation und fahraktiv&nbsp; in jedem Gang.&nbsp; Dynamisch und flexibel je nach Topologie und NutzerIn . Gut dosierbar beim Bremsen&nbsp; etc.&nbsp; auch als Lastentransport (Beispiel als Option mit Anh\u00e4nger) &nbsp;<\/p>\n<p>Fazit: Bei Lust und Bedarf jeweils&nbsp; als Trimmrad&nbsp; oder Powerbike &#8230; Firmenrad &#8211; variabel nach Lust, Tagesform, Kondition und Topologie einsetzbar.&nbsp;&nbsp;&nbsp;&nbsp;&nbsp;&nbsp; O-ton: &#8220; selten soviel Spa\u00df mit einem Pedelec das fast ein E-Bike ist&#8220; erlebt.&#8220;&nbsp;<\/p>\n<p><a href=\"https:\/\/www.edigroup.de\/wp-content\/uploads\/2019\/05\/Elby_blue_9-speed.jpg\"><img decoding=\"async\" class=\"alignleft size-full wp-image-2440\" src=\"https:\/\/www.edigroup.de\/wp-content\/uploads\/2019\/05\/Elby_blue_9-speed.jpg\" alt=\"\" width=\"1320\" height=\"880\"><\/a> <a href=\"https:\/\/www.edigroup.de\/wp-content\/uploads\/2019\/05\/Elby_orange_9-speed.jpg\"><img loading=\"lazy\" decoding=\"async\" class=\"alignleft size-medium wp-image-2441\" src=\"https:\/\/www.edigroup.de\/wp-content\/uploads\/2019\/05\/Elby_orange_9-speed.jpg\" alt=\"\" width=\"300\" height=\"200\"><\/a><\/p>\n<p>Techn.Daten: &nbsp;<a href=\"https:\/\/www.edigroup.de\/wp-content\/uploads\/2019\/05\/20180613Elby_Factsheet_S1.pdf\">20180613Elby_Factsheet_S1<\/a><\/p>\n<p>https:\/\/www.elbybike.eu\/de\/bike-zubehoer\/<\/p>\n<div class=\"et_pb_module et_pb_text et_pb_text_3 textBelowImg et_pb_bg_layout_light  et_pb_text_align_left\">\n<div class=\"et_pb_text_inner\">\n<h3>Innovative Technologie<\/h3>\n<p>Der Elby-Heckantrieb ist das Herzst\u00fcck des E-Bikes und bringt dich in Bewegung: Je st\u00e4rker du trittst, desto mehr Unterst\u00fctzung erh\u00e4ltst du vom Motor \u2013 in vier Stufen liefert er bis zu 200% zus\u00e4tzliche Power.<\/p>\n<p>Der leistungsstarke BionX D-Series Motor sorgt f\u00fcr m\u00e4chtig Antrieb und ist ger\u00e4uschlos und vibrationsfrei.<\/p>\n<p>Ein besonderer Clou: Der Motor dient zus\u00e4tzlich als Generator; durch Bremsen oder Bergabfahren wird im Rekuperationsmodus der Akku aufgeladen. Teamwork vom Feinsten! (c)&nbsp; <br>Wie es bei den E- Autos&nbsp; Standard ist.<\/p>\n<h3 class=\"nowrap\">Herausnehmbarer Akku<\/h3>\n<p>Elby ist gut durchdacht, effizient und nachhaltig. Der im Rahmen integrierte Akku passt perfekt ins Design und ist noch dazu portabel: Du kannst ihn entweder direkt am E-Bike aufladen oder du nimmst den Akku einfach mit einem Handgriff heraus und kannst ihn \u00fcberall bequem an einer Steckdose laden.<\/p>\n<p>Ist der Lithium-Ionen-Akku komplett voll, sorgt er mit seinen 557 Wh f\u00fcr eine hohe Reichweite von bis zu 135 km und diese Reichweite l\u00e4sst sich <span style=\"color: #ff9900;\"><em>beim Fahren durch die Nutzung der Rekuperationsstufen<\/em> <\/span>noch erh\u00f6hen. Clever und handlich.<\/p>\n<p><a href=\"https:\/\/www.edigroup.de\/wp-content\/uploads\/2019\/05\/AntriebElby-1.jpg\"><img loading=\"lazy\" decoding=\"async\" class=\"size-full wp-image-2451\" src=\"https:\/\/www.edigroup.de\/wp-content\/uploads\/2019\/05\/AntriebElby-1.jpg\" alt=\"\" width=\"875\" height=\"525\"><\/a> Batterie\/Antrieb&nbsp;&nbsp;&nbsp;&nbsp;&nbsp;&nbsp;&nbsp;&nbsp;&nbsp;&nbsp;&nbsp;&nbsp;&nbsp;&nbsp;&nbsp;&nbsp;&nbsp;&nbsp;&nbsp;&nbsp;&nbsp;&nbsp;&nbsp;&nbsp;&nbsp;&nbsp;&nbsp;&nbsp;&nbsp;&nbsp;&nbsp;&nbsp;&nbsp;&nbsp;&nbsp;&nbsp;&nbsp;&nbsp;&nbsp;&nbsp;&nbsp;&nbsp;&nbsp;&nbsp;&nbsp;&nbsp;&nbsp;&nbsp;&nbsp;&nbsp;&nbsp;&nbsp;&nbsp;&nbsp;&nbsp;&nbsp;&nbsp;&nbsp;&nbsp;&nbsp;&nbsp;&nbsp;&nbsp;&nbsp;&nbsp;&nbsp;&nbsp;&nbsp;&nbsp;&nbsp;&nbsp;&nbsp;&nbsp;&nbsp;&nbsp;&nbsp;&nbsp;&nbsp;&nbsp;&nbsp;&nbsp;&nbsp;&nbsp;&nbsp;&nbsp;&nbsp;&nbsp;&nbsp;&nbsp;&nbsp;&nbsp;&nbsp;&nbsp;&nbsp;&nbsp;&nbsp;&nbsp;&nbsp;&nbsp;&nbsp;&nbsp;&nbsp;&nbsp;&nbsp;&nbsp;&nbsp;&nbsp;&nbsp;&nbsp;&nbsp;&nbsp;&nbsp;&nbsp;&nbsp;&nbsp;&nbsp;&nbsp;&nbsp;&nbsp; <br>Gewicht \/ Zuladung&nbsp;&nbsp;&nbsp; 25 kg \/ 125 kg<br>Reichweite:&nbsp;&nbsp;&nbsp;&nbsp;&nbsp;&nbsp;&nbsp;&nbsp;&nbsp;&nbsp; bis zu 135 km<br>Geschwindigkeit: Motorunterst\u00fctzung bis 25 km\/h<br>Rahmen: &nbsp;&nbsp;&nbsp;&nbsp;&nbsp;&nbsp;&nbsp;&nbsp;&nbsp;&nbsp;&nbsp;&nbsp;&nbsp;&nbsp; leichtes, strapazierf\u00e4higes Aluminium, Rahmengr\u00f6\u00dfe f\u00fcr Personen von ca. 1,50 bis 1,95 m<\/p>\n<p>Antrieb:&nbsp;&nbsp;&nbsp;&nbsp;&nbsp;&nbsp;&nbsp;&nbsp;&nbsp;&nbsp;&nbsp;&nbsp;&nbsp;&nbsp;&nbsp;&nbsp;&nbsp; BionX D-Series Heckmotor (250 Watt)<br>Akku&nbsp;&nbsp; integrierter und herausnehmbarer Lithium-Ionen-Akku (48V, 11.6 Ah, 557 Wh)<\/p>\n<p>Display:&nbsp;&nbsp;&nbsp;&nbsp;&nbsp;&nbsp;&nbsp;&nbsp;&nbsp;&nbsp;&nbsp;&nbsp;&nbsp;&nbsp;&nbsp;&nbsp;&nbsp;&nbsp; transflektives DS3-Farbdisplay, 3 unterschiedliche Anzeige-Modi (einfach, erweitert, technisch), mehrsprachiges Men\u00fc, Halterungs- und Lenkeradapter in Lieferung enthalten<\/p>\n<p>Schaltung:&nbsp;&nbsp;&nbsp;&nbsp;&nbsp;&nbsp;&nbsp;&nbsp;&nbsp;&nbsp;&nbsp;&nbsp;&nbsp;&nbsp; 9-Gang-Schaltung (SRAM X5)<br>Bremse :&nbsp;&nbsp;&nbsp;&nbsp;&nbsp;&nbsp;&nbsp;&nbsp;&nbsp;&nbsp;&nbsp;&nbsp;&nbsp;&nbsp;&nbsp;&nbsp;&nbsp; hydraulische Scheibenbremse (Tektro Auriga E-SUB)<br>Reifen:&nbsp;&nbsp;&nbsp;&nbsp;&nbsp;&nbsp;&nbsp;&nbsp;&nbsp;&nbsp;&nbsp;&nbsp;&nbsp;&nbsp;&nbsp;&nbsp;&nbsp;&nbsp;&nbsp;&nbsp; 26\u2019\u2019 x 2.2\u2019\u2019 Continental Cruise CONTACT, SafetySystem Pannenschutzeinlage<\/p>\n<p>Licht:&nbsp;&nbsp;&nbsp;&nbsp;&nbsp;&nbsp;&nbsp;&nbsp;&nbsp;&nbsp;&nbsp;&nbsp;&nbsp;&nbsp;&nbsp;&nbsp;&nbsp;&nbsp;&nbsp;&nbsp;&nbsp;&nbsp; Hochleistungsbeleuchtung von Supernova<\/p>\n<p>Elby App:&nbsp;&nbsp;&nbsp;&nbsp;&nbsp;&nbsp;&nbsp;&nbsp;&nbsp;&nbsp;&nbsp;&nbsp;&nbsp;&nbsp;&nbsp; iOS &amp; Android mit zahlreichen Features (Akkustandanzeige in %, Geschwindigkeitsangabe, Tageskilometer etc.)<br>Weitere Ausstattung:&nbsp;&nbsp; ergonomischer Sattel und Griffe, stabiler Fahrradst\u00e4nder und schlankes Gep\u00e4cktr\u00e4gersystem&nbsp; etc.<\/p>\n<p>Service:&nbsp;&nbsp;&nbsp; <a href=\"https:\/\/www.elbybike.eu\/de\/service\/\" target=\"_blank\" rel=\"noopener noreferrer\">Optionen f\u00fcr Service \/ Wartungen<\/a><\/p>\n<p><\/p>\n<\/div>\n<\/div>\n\n\n<ul class=\"wp-block-gallery columns-2 is-cropped wp-block-gallery-2 is-layout-flex wp-block-gallery-is-layout-flex\"><li class=\"blocks-gallery-item\"><figure><a href=\"https:\/\/www.edigroup.de\/wp-content\/uploads\/2019\/05\/battery_864x518_optimized-1.jpg\"><img loading=\"lazy\" decoding=\"async\" width=\"864\" height=\"518\" src=\"https:\/\/www.edigroup.de\/wp-content\/uploads\/2019\/05\/battery_864x518_optimized-1.jpg\" alt=\"\" data-id=\"2452\" data-link=\"http:\/\/www.edigroup.de\/?attachment_id=2452\" class=\"wp-image-2452\"\/><\/a><figcaption>Batterie \/ Akku mit Schlo\u00df<br><\/figcaption><\/figure><\/li><li class=\"blocks-gallery-item\"><figure><a href=\"https:\/\/www.edigroup.de\/wp-content\/uploads\/2019\/05\/SchaltungElby-1.jpg\"><img loading=\"lazy\" decoding=\"async\" width=\"864\" height=\"518\" src=\"https:\/\/www.edigroup.de\/wp-content\/uploads\/2019\/05\/SchaltungElby-1.jpg\" alt=\"\" data-id=\"2474\" data-link=\"https:\/\/www.edigroup.de\/?attachment_id=2474\" class=\"wp-image-2474\"\/><\/a><\/figure><\/li><\/ul>\n\n\n\n<ul class=\"wp-block-gallery columns-2 is-cropped wp-block-gallery-3 is-layout-flex wp-block-gallery-is-layout-flex\"><li class=\"blocks-gallery-item\"><figure><img loading=\"lazy\" decoding=\"async\" width=\"1280\" height=\"720\" src=\"https:\/\/www.edigroup.de\/wp-content\/uploads\/2019\/05\/20180625_ElbyLastrad2.jpg\" alt=\"\" data-id=\"2478\" data-link=\"http:\/\/www.edigroup.de\/?attachment_id=2478\" class=\"wp-image-2478\"\/><figcaption>Zusatzgep\u00e4cktr\u00e4ger vorn<\/figcaption><\/figure><\/li><li class=\"blocks-gallery-item\"><figure><img loading=\"lazy\" decoding=\"async\" width=\"1280\" height=\"720\" src=\"https:\/\/www.edigroup.de\/wp-content\/uploads\/2019\/05\/20180625_ElbyLastrad3.jpg\" alt=\"\" data-id=\"2479\" data-link=\"http:\/\/www.edigroup.de\/?attachment_id=2479\" class=\"wp-image-2479\"\/><figcaption>zugelassene Pedelecanh\u00e4nger<\/figcaption><\/figure><\/li><\/ul>\n","protected":false},"excerpt":{"rendered":"<p>Video R3 J Youtube R3 Je nach Mobilit\u00e4tsanspruch, Einsatzgebiet&nbsp; und Budget sind unterschiedlichste E-Fahrr\u00e4der am Markt erh\u00e4ltlich. Wir unterscheiden hier zwischen: -Pedelecs (bis 25 km\/h Tretunterst\u00fctzung motorisch) -eBikes (bis 45 km\/h&nbsp; mit Nummernschild&nbsp; und Helm) PS: Seit der EuroBike 2018&nbsp; =&gt;&nbsp; haben wir die&nbsp; &#8222;the next generation Bicycle Helmets&#8220; mit Bremslicht, Richtungsanzeiger, Licht in 3 Farben verf\u00fcgbar in verschiedenen Farben.<\/p>\n<p><a class=\"more-link\" href=\"https:\/\/www.edigroup.de\/?page_id=2021\">Weiterlesen<\/a><\/p>\n","protected":false},"author":5,"featured_media":0,"parent":1813,"menu_order":111,"comment_status":"closed","ping_status":"closed","template":"","meta":{"footnotes":""},"class_list":["post-2021","page","type-page","status-publish","hentry"],"_links":{"self":[{"href":"https:\/\/www.edigroup.de\/index.php?rest_route=\/wp\/v2\/pages\/2021","targetHints":{"allow":["GET"]}}],"collection":[{"href":"https:\/\/www.edigroup.de\/index.php?rest_route=\/wp\/v2\/pages"}],"about":[{"href":"https:\/\/www.edigroup.de\/index.php?rest_route=\/wp\/v2\/types\/page"}],"author":[{"embeddable":true,"href":"https:\/\/www.edigroup.de\/index.php?rest_route=\/wp\/v2\/users\/5"}],"replies":[{"embeddable":true,"href":"https:\/\/www.edigroup.de\/index.php?rest_route=%2Fwp%2Fv2%2Fcomments&post=2021"}],"version-history":[{"count":45,"href":"https:\/\/www.edigroup.de\/index.php?rest_route=\/wp\/v2\/pages\/2021\/revisions"}],"predecessor-version":[{"id":2481,"href":"https:\/\/www.edigroup.de\/index.php?rest_route=\/wp\/v2\/pages\/2021\/revisions\/2481"}],"up":[{"embeddable":true,"href":"https:\/\/www.edigroup.de\/index.php?rest_route=\/wp\/v2\/pages\/1813"}],"wp:attachment":[{"href":"https:\/\/www.edigroup.de\/index.php?rest_route=%2Fwp%2Fv2%2Fmedia&parent=2021"}],"curies":[{"name":"wp","href":"https:\/\/api.w.org\/{rel}","templated":true}]}}