{"id":2023,"date":"2018-05-29T00:00:12","date_gmt":"2018-05-28T22:00:12","guid":{"rendered":"http:\/\/edigroup.de\/wordpress\/?page_id=2023"},"modified":"2019-09-04T19:57:03","modified_gmt":"2019-09-04T17:57:03","slug":"e-rollatoren-e-rollstuehle","status":"publish","type":"page","link":"https:\/\/www.edigroup.de\/?page_id=2023","title":{"rendered":"E-Rollatoren + E-Rollst\u00fchle"},"content":{"rendered":"<p><a href=\"https:\/\/www.edigroup.de\/wp-content\/uploads\/2019\/08\/Airwheel-H8.jpg\"><img fetchpriority=\"high\" decoding=\"async\" class=\"alignnone  wp-image-2564\" src=\"https:\/\/www.edigroup.de\/wp-content\/uploads\/2019\/08\/Airwheel-H8.jpg\" alt=\"\" width=\"264\" height=\"366\"><\/a><\/p>\n<p><a href=\"https:\/\/www.youtube.com\/watch?v=y1qzbDaRegY\" target=\"_blank\" rel=\"noopener noreferrer\">Video&nbsp; You tube H8 <\/a><\/p>\n<p>Rund 10 Millionen Menschen + in Deutschland haben ein <strong>Handicap<\/strong> (nicht beim GOLF!)<\/p>\n<p>Deren Mobilit\u00e4t ist eingeschr\u00e4nkt.<br \/>\nTeilweise nur in Abh\u00e4ngigkeit einer&nbsp; oder mehrerer Personen&nbsp; ist Freiheit \/ Mobilit\u00e4t m\u00f6glich.&nbsp; =&gt; Teilautarkie&nbsp; soweit m\u00f6glich -ist das Ziel.<br \/>\n<a href=\"https:\/\/www.airwheel-balancer.de\/produkte\/airwheel-h8-e-rollstuhl\/technik-produktinfo\/\" target=\"_blank\" rel=\"noopener noreferrer\"><em><strong><span style=\"color: #ff0000;\">L\u00f6sungshinweis (selbst im Einsatz Familie<\/span><\/strong><\/em><\/a>)<\/p>\n<p>Je nach Mobilit\u00e4tsbedarf&nbsp; k\u00f6nnen wir folgende Teilautarkiel\u00f6sungen&nbsp;&nbsp; anbieten:<\/p>\n<p>1) Multifunktionale <strong>eRollator<\/strong> ( H\u00fcgel, Steigungen elektrisch erfolgreich und komfortabel meistern)<br \/>\n2) Automatisch klappbar und leicht zu verstauende eRollst\u00fchle eMobilit\u00e4tshilfen&nbsp; in&nbsp; verschieden Varianten.&nbsp; #<a href=\"https:\/\/www.airwheel-balancer.de\/produkte\/libertyp4\/libertyp4-galerie\/\" target=\"_blank\" rel=\"noopener noreferrer\"><strong><span style=\"color: #ff0000;\">P4 &nbsp;<\/span><span style=\"color: #ff0000;\">eRollstuhl<\/span><\/strong><\/a><\/p>\n<p>Direkt ab Hersteller&nbsp; mit STVO&nbsp; und Einzelabnahme \/ Stra\u00dfenzulassung wenn \u00fcber 6 km\/h<\/p>\n<p>Der #P4&nbsp; passt zusammengeklappt auch in einen Kleinwagen \/ Kofferraum.<br \/>\nIst relativ leicht. Robust und einfach zu bedienen&nbsp; je nach&nbsp; Einsatz mit variablen Bedienm\u00f6glichkeiten. Keine HILFSMITTELNummer ( Krankenkassenzuzahlung ).<br \/>\nAttraktiver Preis w\u00e4re bei Systemlistung als&nbsp; Hilfsmittel 50-70% h\u00f6her.<\/p>\n<p>Etwas f\u00fcr Menschen jeden Alters&nbsp; &#8211; denen Ihre pers\u00f6nliche Mobilit\u00e4t es -WERT- ist.<br \/>\n#Fairmobility[:en]<\/p>\n<p>Rund 10 Millionen Menschen + in Deutschland haben ein <strong>Handicap<\/strong> (nicht beim GOLF!)<\/p>\n<p>Deren Mobilit\u00e4t ist eingeschr\u00e4nkt.<br \/>\nTeilweise nur in Abh\u00e4ngigkeit einer&nbsp; oder mehrerer Personen&nbsp; ist Freiheit \/ Mobilit\u00e4t m\u00f6glich.<\/p>\n<p>Je nach Mobilit\u00e4tsbedarf&nbsp; k\u00f6nnen wir folgende Teilautarkiel\u00f6sungen&nbsp;&nbsp; anbieten:<\/p>\n<p>1) Multifunktionale <strong>eRollator<\/strong> ( H\u00fcgel, Steigungen elektrisch erfolgreich und komfortabel meistern)<br \/>\n2) Automatisch klappbar und leicht zu verstauender&nbsp; #P4 &nbsp;<strong>eRollstuhl<\/strong><\/p>\n<p>Direkt ab Hersteller&nbsp; mit STVO&nbsp; und Einzelabnahme \/ Stra\u00dfenzulassung wenn \u00fcber 6 km\/h<\/p>\n<p><a href=\"https:\/\/www.airwheel-balancer.de\/produkte\/libertyp4\/technik-sicherheit\/\" target=\"_blank\" rel=\"noopener noreferrer\"><strong><span style=\"color: #ff0000;\">Bild bitte anklicken<\/span><\/strong> P4 <\/a><\/p>\n<p>Der #P4&nbsp; passt zusammengeklappt auch in einen Kleinwagen \/ Kofferraum.<br \/>\nIst relativ leicht. Robust und einfach zu bedienen&nbsp; je nach&nbsp; Einsatz mit variablen Bedienm\u00f6glichkeiten. Keine HILFSMITTELNummer ( Krankenkassenzuzahlung ).<br \/>\nAttraktiver Preis w\u00e4re bei Systemlistung als&nbsp; Hilfsmittel 50-70% h\u00f6her.<\/p>\n<p>Etwas f\u00fcr Menschen jeden Alters&nbsp; &#8211; denen Ihre pers\u00f6nliche Mobilit\u00e4t es -WERT- ist.<br \/>\n#Fairmobility[:]<\/p>\n","protected":false},"excerpt":{"rendered":"<p>Video&nbsp; You tube H8 Rund 10 Millionen Menschen + in Deutschland haben ein Handicap (nicht beim GOLF!) Deren Mobilit\u00e4t ist eingeschr\u00e4nkt. Teilweise nur in Abh\u00e4ngigkeit einer&nbsp; oder mehrerer Personen&nbsp; ist Freiheit \/ Mobilit\u00e4t m\u00f6glich.&nbsp; =&gt; Teilautarkie&nbsp; soweit m\u00f6glich -ist das Ziel. L\u00f6sungshinweis (selbst im Einsatz Familie) Je nach Mobilit\u00e4tsbedarf&nbsp; k\u00f6nnen wir folgende Teilautarkiel\u00f6sungen&nbsp;&nbsp; anbieten: 1) Multifunktionale eRollator ( H\u00fcgel, Steigungen<\/p>\n<p><a class=\"more-link\" href=\"https:\/\/www.edigroup.de\/?page_id=2023\">Weiterlesen<\/a><\/p>\n","protected":false},"author":5,"featured_media":0,"parent":1813,"menu_order":112,"comment_status":"closed","ping_status":"closed","template":"","meta":{"footnotes":""},"class_list":["post-2023","page","type-page","status-publish","hentry"],"_links":{"self":[{"href":"https:\/\/www.edigroup.de\/index.php?rest_route=\/wp\/v2\/pages\/2023","targetHints":{"allow":["GET"]}}],"collection":[{"href":"https:\/\/www.edigroup.de\/index.php?rest_route=\/wp\/v2\/pages"}],"about":[{"href":"https:\/\/www.edigroup.de\/index.php?rest_route=\/wp\/v2\/types\/page"}],"author":[{"embeddable":true,"href":"https:\/\/www.edigroup.de\/index.php?rest_route=\/wp\/v2\/users\/5"}],"replies":[{"embeddable":true,"href":"https:\/\/www.edigroup.de\/index.php?rest_route=%2Fwp%2Fv2%2Fcomments&post=2023"}],"version-history":[{"count":20,"href":"https:\/\/www.edigroup.de\/index.php?rest_route=\/wp\/v2\/pages\/2023\/revisions"}],"predecessor-version":[{"id":2604,"href":"https:\/\/www.edigroup.de\/index.php?rest_route=\/wp\/v2\/pages\/2023\/revisions\/2604"}],"up":[{"embeddable":true,"href":"https:\/\/www.edigroup.de\/index.php?rest_route=\/wp\/v2\/pages\/1813"}],"wp:attachment":[{"href":"https:\/\/www.edigroup.de\/index.php?rest_route=%2Fwp%2Fv2%2Fmedia&parent=2023"}],"curies":[{"name":"wp","href":"https:\/\/api.w.org\/{rel}","templated":true}]}}