{"id":2341,"date":"2018-09-08T08:43:05","date_gmt":"2018-09-08T06:43:05","guid":{"rendered":"http:\/\/edigroup.de\/?page_id=2341"},"modified":"2019-09-04T20:03:05","modified_gmt":"2019-09-04T18:03:05","slug":"narrow-band-parking-sensor","status":"publish","type":"page","link":"https:\/\/www.edigroup.de\/?page_id=2341","title":{"rendered":"[:de]Narrow Band Parking Sensor [:en]Narrow Band  Parking Sensor [:]"},"content":{"rendered":"<p>#TelematicInfrastructure &#8211; Portfolio&nbsp; im #InternetderDinge&nbsp; #NBIOT&nbsp;&nbsp; via&nbsp;&nbsp;&nbsp; <a href=\"https:\/\/mobilisis.hr\/en\/narrow-band-parking-sensor-2\/\" target=\"_blank\" rel=\"noopener noreferrer\"><em><span style=\"color: #3366ff;\"><strong>EDiGroup<\/strong><\/span><\/em><\/a> &nbsp;&nbsp; auch <a href=\"https:\/\/edigroup.de\/?page_id=2002\" target=\"_blank\" rel=\"noopener noreferrer\">@parkingsensors<\/a><\/p>\n<p>(c)<\/p>\n<div id=\"intro\" class=\"row interlap\">\n<p><img decoding=\"async\" src=\"https:\/\/mobilisis.hr\/wp-content\/themes\/mobilisis\/res\/img\/parking.jpeg\" alt=\"Unorganized parking\"><\/p>\n<div class=\"header valign-wrapper\">\n<div class=\"text center-align\">\n<h2>Parking is a nightmare, but there is a solution&#8230;<\/h2>\n<p><em>Parken ist ein Albtraum, aber es gibt eine L\u00f6sung &#8230;<\/em><\/p>\n<\/div>\n<\/div>\n<\/div>\n<div class=\"slide\">\n<div class=\"row\">\n<div class=\"col s8 offset-s2 l10 offset-l1 highlight\">\n<h2>Narrow Band Parking Sensor<\/h2>\n<\/div>\n<\/div>\n<div class=\"row pic valign-wrapper\">\n<div class=\"col s10 offset-s1 l4 offset-l4 center-align\"><img decoding=\"async\" src=\"https:\/\/mobilisis.hr\/wp-content\/themes\/mobilisis\/res\/img\/00-08-NBPS.png\" alt=\"Parking sensor\"><\/div>\n<\/div>\n<div class=\"container\">\n<div class=\"row feature\">\n<div class=\"col s12 m4\">\n<h5>Pinpoint detection&nbsp;&nbsp; \/&nbsp; Unrivaled connectivity \/ Robustness and reliability<\/h5>\n<p><em>Pinpoint-Erkennung \/ konkurrenzlose Konnektivit\u00e4t \/ robust gepaart mit&nbsp; h\u00f6chster Zuverl\u00e4ssigkeit<\/em><\/p>\n<\/div>\n<\/div>\n<div class=\"row description\">\n<div class=\"col s12\">\n<p>Narrow Band Parking Sensor (#NBPS) is a fully autonomous wireless parking sensor. Its compact form factor and ease of deployment make it a versatile solution for the cities of tomorrow. The patented dual magnetometer technology enables reliable and accurate vehicle detection. Utilizing a Narrow Band Cellular network, the sensor is capable of transmitting parking data directly to the Internet, without a need for any gateways or hubs. That, in turn, lowers the total cost of ownership.<\/p>\n<p><em>Der Narrow Band Parking Sensor (#NBPS) ist ein vollst\u00e4ndig autonomer drahtloser Parksensor. Seine kompakte Form und seine einfache Nutzbarkeit f\u00fcr #Verkehrsinfrastrukturen machen Ihn vielseitig nutzbar (UseCases) als&nbsp; Telematikbaustein und&nbsp; L\u00f6sung f\u00fcr die St\u00e4dte von morgen. Die patentierte Dual-Magnetometer-Technologie erm\u00f6glicht eine zuverl\u00e4ssige und&nbsp; h\u00f6chst pr\u00e4zise Fahrzeugerkennung.<\/em><\/p>\n<p>Mithilfe des NBIoT\u00b4s Funknetzes ( Narrow Band Cellular-Netzwerks ) kann der Sensor Parkdaten direkt an \/ in das Internet \u00fcbertragen.&nbsp; In Echtzeit nat\u00fcrlich !<\/p>\n<p>Es werden keine&nbsp; Gateways oder Hubs ben\u00f6tigt.<br \/>\n=&gt; Dies wiederum senkt die Gesamtbetriebskosten.<\/p>\n<p>Auch der Betrieb und Wartung ist denkbar&nbsp; skalierbar f\u00fcr die jeweiligen Anwendungsf\u00e4lle erweiterbar.<\/p>\n<p>Einfache und robuste Installation unter dem Pflaster \/ Belag oder m\u00f6gliche&nbsp; Bohrung sind jederzeit wirtschaftlich und schnell durchf\u00fchrbar f\u00fcr alle Beteiligten.&nbsp;&nbsp; Zukunftssicher.<\/p>\n<\/div>\n<\/div>\n<\/div>\n<\/div>\n<div class=\"interlap\">\n<p><img decoding=\"async\" src=\"https:\/\/mobilisis.hr\/wp-content\/themes\/mobilisis\/res\/img\/street.jpg\" alt=\"Street with parked cars\"><\/p>\n<div class=\"header valign-wrapper\">\n<div class=\"text center-align\">\n<h2>Pinpoint detection&nbsp; \/ <em>PinPoint Erkennung<\/em><\/h2>\n<\/div>\n<\/div>\n<\/div>\n<div class=\"slide\">\n<div class=\"row pic valign-wrapper\">\n<div class=\"col s10 offset-s1 l4 offset-l4 center-align\"><img decoding=\"async\" src=\"https:\/\/mobilisis.hr\/wp-content\/themes\/mobilisis\/res\/img\/00-05-NBPS.png\" alt=\"Parking sensor\"><\/div>\n<\/div>\n<div class=\"container\">\n<div class=\"row feature\">\n<div class=\"col s12 m4\">\n<h5>Dual magnetometer technology \/Intelligent power management \/ Multi band NB module<br \/>\n<em>Dual-Magnetometer-Technologie \/Intelligentes Energiemanagement \/&nbsp; Multi-Band-Narrow Band -Modu<\/em>l<\/h5>\n<\/div>\n<\/div>\n<div class=\"row description\">\n<div class=\"col s12\">\n<p>As with most solutions, each parking spot is equipped with a sensor tasked with detecting vehicles in that spot. Traditionally, magnetic-based parking sensors relied on disturbances in the natural magnetic field caused by parked vehicles. However, some vehicles create stronger disturbances, which can cause false detections on nearby parking spots. To cope with that issue, NBPS uses patented dual magnetometer measurement system which eliminates a majority of false positive or false negative detections. Such decrease in a number of false detections yields up to 98% detection rate, regardless of any possible obstructions, such as dirt, snow or debris.<\/p>\n<p><em>Jeder Park-Stellplatz&nbsp; ist mit einem Sensor ausgestattet, der die Fahrzeuge exakt in Echtzeit erkennt.&nbsp; Einige Fahrzeuge verursachen st\u00e4rkere St\u00f6rungen, die zu fehlerhafter Erkennung f\u00fchren k\u00f6nnten. @parkingsensors nutzt den #NBPS&nbsp; -ein patentiertes Doppelmagnetometer-Messsystem-.<br \/>\nDie Detektions-\/ Erkennungsrate von \u00fcber&nbsp; 98%, unabh\u00e4ngig von m\u00f6glichen Hindernissen wie Schmutz, Schnee oder Schmutz, bringt eine Exaktheit und Zuverl\u00e4ssigkeit die seinesgleichen sucht.<\/em><\/p>\n<p>An onboard battery, backed by intelligent power management system, guarantees a long operational lifetime, with minimal maintenance. The sensor uses a high-performance NB-IoT module which supports multiple frequency bands of B8\/B20 with extremely low power consumption.<\/p>\n<p><em>Eine integrierte Batterie, die durch ein intelligentes Energiemanagementsystem unterst\u00fctzt wird, garantiert eine lange Betriebslebensdauer bei minimaler Wartung. Der Sensor verwendet ein leistungsstarkes NB-IoT-Modul, das mehrere Frequenzb\u00e4nder von B8 \/ B20 mit extrem niedrigem Stromverbrauch unterst\u00fctzt.&nbsp;&nbsp;&nbsp; Je nach Einsatzzweck&nbsp; (UdeCase)&nbsp; bis zu 10 Jahren Nutzungszeit gesch\u00e4tzt.<\/em><\/p>\n<\/div>\n<\/div>\n<\/div>\n<\/div>\n<div class=\"interlap\">\n<p><img decoding=\"async\" src=\"https:\/\/mobilisis.hr\/wp-content\/themes\/mobilisis\/res\/img\/servers.jpeg\" alt=\"Servers\"><\/p>\n<div class=\"header valign-wrapper\">\n<div class=\"text center-align\">\n<h2>Unrivaled connectivity \/ <em>Multifunktionale Konnetikivit\u00e4t<\/em><\/h2>\n<\/div>\n<\/div>\n<\/div>\n<div class=\"slide\">\n<div class=\"row pic valign-wrapper\">\n<div class=\"col s10 offset-s1 l4 offset-l4 center-align\"><img decoding=\"async\" src=\"https:\/\/mobilisis.hr\/wp-content\/themes\/mobilisis\/res\/img\/00-03-NBPS.png\" alt=\"Parking sensor\"><\/div>\n<\/div>\n<div class=\"container\">\n<div class=\"row feature\">\n<div class=\"col s12 m4\">\n<h5>NB-IoT \/ Short-range communication \/ Cloud<br \/>\n<em>NB-IoT \/ Nahbereichskommunikation \/ Cloud<\/em><\/h5>\n<\/div>\n<\/div>\n<div class=\"row description\">\n<div class=\"col s12\">\n<p>NB-IoT is a standards-based low power wide area (LPWA) technology developed to enable a wide range of new IoT devices and services. Use of NB-IoT significantly improves the power consumption of the sensor. Furthermore, NB-IoT enables sensors to directly connect to the Internet, thus eliminating the need for any other infrastructure on site.<\/p>\n<p><em>NB-IoT ist eine weltweite auf Standards basierende Low Power Wide Area (LPWA) -Technologie.<br \/>\nEntwickelt um eine breite Palette neuer IoT-Ger\u00e4te und -Dienste \/Serices&nbsp; zu erm\u00f6glichen.<br \/>\nDie Nutzung von NB-IoT verbessert die Leistungsaufnahme des Sensors erheblich gegen\u00fcber LTE\/ bisherigen Mobilfunknetzen. Dar\u00fcber hinaus erm\u00f6glicht NB-IoT den Sensoren eine direkte Verbindung mit dem Internet in Echtzeit.&nbsp; LED- Schilder, Navi, Web, App, weitere Verkehrsmanagementsysteme k\u00f6nnen per push \/ pull- Verfahren in Echtzeit versorgt werden.<br \/>\nFazit: Keine andere Infrastruktur&nbsp; wird &#8222;vor Ort&#8220; mehr ben\u00f6tigt.&nbsp; Vodafone will bis Ende 2019 &nbsp; <strong>90%<\/strong> aller LTE -Standorte in Deutschland abgedeckt haben. Auch EU- weltweit &#8230;.Stand August 2018&nbsp; Strategiegespr\u00e4ch mit www.edigroup.de (c)<br \/>\n<\/em><\/p>\n<p>Integrated short-range communication module makes the system easily expandable and serviceable. Using a direct connection from a smartphone, the sensor can easily be configured using a proprietary app.<\/p>\n<p><em>Das integrierte Nahbereichs-Kommunikationsmodul macht das System einfach erweiterbar und wartbar. Dynamisch skalierbar. \u00dcber eine direkte Verbindung von einem Smartphone aus, kann der Sensor einfach mit einer propriet\u00e4ren App konfiguriert werden.<\/em><\/p>\n<p>Smart parking Cloud is a complete parking management solution integrating multiple technologies to deliver the most advanced parking system available today. Requiring no additional software installation as the interface is easily accessible using a web browser, such as Google Chrome or Mozilla Firefox. All sensors, along with their real-time data, are visualized within the web interface.<\/p>\n<p><em>Die Smart Parking Cloud ist eine komplette Parkmanagementl\u00f6sung, die mehrere Technologien integriert, um das modernste Parksystem zu liefern, das per heute weltweit verf\u00fcgbar ist.<br \/>\nSie ben\u00f6tigen <strong>keine<\/strong> zus\u00e4tzliche Softwareinstallation, da die Oberfl\u00e4che mit einem Webbrowser wie Google Chrome oder Mozilla Firefox leicht zug\u00e4nglich ist. Alle Sensoren werden zusammen mit ihren Echtzeitdaten in der Weboberfl\u00e4che visualisiert.&nbsp;&nbsp; <a href=\"http:\/\/edigroup.de\/?page_id=2002\" target=\"_blank\" rel=\"noopener noreferrer\">@parkingsensors<\/a><br \/>\n<\/em><\/p>\n<\/div>\n<\/div>\n<\/div>\n<\/div>\n<div class=\"interlap\">\n<p><img decoding=\"async\" src=\"https:\/\/mobilisis.hr\/wp-content\/themes\/mobilisis\/res\/img\/deployment.jpeg\" alt=\"Engineers overlooking a project\"><\/p>\n<div class=\"header valign-wrapper\">\n<div class=\"text center-align\">\n<h2>Deployment&nbsp; \/<em> Praxiseinsatz<\/em><\/h2>\n<\/div>\n<\/div>\n<\/div>\n<div class=\"slide\">\n<div class=\"row pic valign-wrapper\">\n<div class=\"col s10 offset-s1 l4 offset-l4 center-align\"><img decoding=\"async\" src=\"https:\/\/mobilisis.hr\/wp-content\/themes\/mobilisis\/res\/img\/00-07-NBPS.png\" alt=\"Parking sensor\"><\/div>\n<\/div>\n<div class=\"container\">\n<div class=\"row feature\">\n<div class=\"col s12 m4\">\n<h5>Easy installation&nbsp; \/ Quick activation&nbsp; \/Vandalism proof<br \/>\n<em>Einfache Installation \/ Schnelle Aktivierung \/ Vandalismussicher<\/em><\/h5>\n<\/div>\n<\/div>\n<div class=\"row description\">\n<div class=\"col s12\">\n<p>Sensors are delivered in an inactive state (deep sleep mode), thus conserving battery life during transport and storage. The sensors are activated and configured using an Android device via a short-range connection. Both flush and surface mounting solutions are supported. Once active, the sensor is capable of wirelessly communicating with a server via the NBIoT cellular network on various bands. Each sensor comes pre-installed with a SIM card supporting local carrier.<\/p>\n<p><em>Die&nbsp; NBPS- Sensoren werden in einem inaktiven Zustand (Tiefschlafmodus) geliefert.&nbsp; Die Batterielebensdauer w\u00e4hrend des Transports und der Lagerung wird geschont. Die Sensoren werden \u00fcber ein Android-Ger\u00e4t \u00fcber eine Nahfeldverbindung aktiviert und konfiguriert. Es werden sowohl fl\u00e4chenb\u00fcndige als auch oberfl\u00e4chenmontierbare L\u00f6sungen unterst\u00fctzt. Sobald der Sensor aktiv ist, kann er drahtlos mit einem Server \u00fcber das NBIoT-Mobilfunknetz auf verschiedenen Kan\u00e4len (8\/20 Dual) kommunizieren. Jeder Sensor ist mit einer&nbsp; NBIOT- SIM-Karte vorinstalliert, die den lokalen Provider unterst\u00fctzt.<\/em><\/p>\n<\/div>\n<\/div>\n<\/div>\n<\/div>\n<div class=\"interlap\">\n<p><img decoding=\"async\" src=\"https:\/\/mobilisis.hr\/wp-content\/themes\/mobilisis\/res\/img\/handshake.jpeg\" alt=\"People handshaking\"><\/p>\n<div class=\"header valign-wrapper\">\n<div class=\"text center-align\">\n<h2>Interested? \/&nbsp;&nbsp; Interesse an #NBPS&nbsp;&nbsp; und dem Internet der Dinge ?<\/h2>\n<p>Fill out the form below and we will contact you soon with further information. Bitte Mail schreiben an:<br \/>\nnbps&nbsp; add edigroup dot&nbsp; de<\/p>\n<\/div>\n<\/div>\n<\/div>\n<div id=\"wpcf7-f2672-o1\" class=\"wpcf7\" dir=\"ltr\" lang=\"en-GB\" role=\"form\">\n<div class=\"screen-reader-response\"><\/div>\n<form class=\"wpcf7-form\" action=\"\/nbps\/#wpcf7-f2672-o1\" method=\"post\" novalidate=\"novalidate\">\n<div class=\"slide\">\n<div class=\"container\">\n<div class=\"row\">\n<div class=\"input-field col s12 l5\"><input id=\"name\" class=\"wpcf7-form-control wpcf7-text wpcf7-validates-as-required\" name=\"your-name\" size=\"40\" type=\"text\" value=\"\" aria-required=\"true\" aria-invalid=\"false\"><br \/>\n<label for=\"name\">Name<\/label><\/div>\n<div class=\"input-field col s12 l5\"><input id=\"email\" class=\"wpcf7-form-control wpcf7-text wpcf7-email wpcf7-validates-as-required wpcf7-validates-as-email validate\" name=\"your-email\" size=\"40\" type=\"email\" value=\"\" aria-required=\"true\" aria-invalid=\"false\"><br \/>\n<label for=\"email\" data-error=\"Invalid E-mail address\">E-mail<\/label><\/div>\n<div class=\"input-field col s12 l2\"><\/div>\n<\/div>\n<\/div>\n<\/div>\n<\/form>\n<\/div>\n<div id=\"wpcf7-f2672-o1\" class=\"wpcf7\" dir=\"ltr\" lang=\"en-GB\" role=\"form\">\n<form class=\"wpcf7-form\" action=\"\/nbps\/#wpcf7-f2672-o1\" method=\"post\" novalidate=\"novalidate\">\n<div class=\"slide\">\n<div class=\"container\">\n<div class=\"row\"><\/div>\n<\/div>\n<\/div>\n<\/form>\n<div class=\"wpcf7-response-output wpcf7-display-none\"><\/div>\n<\/div>\n<div class=\"interlap\">\n<p><img decoding=\"async\" src=\"https:\/\/mobilisis.hr\/wp-content\/themes\/mobilisis\/res\/img\/pcb.jpeg\" alt=\"Printed circuit board\"><\/p>\n<div class=\"header valign-wrapper\">\n<div class=\"text center-align\">\n<h2>Technical specifications&nbsp; \/ <em> Technische Spezifikationen&nbsp;&nbsp;&nbsp; <a href=\"https:\/\/www.mobilisis.hr\/nbps-narrowband-parking-senzor\" target=\"_blank\" rel=\"noopener noreferrer\">Original<\/a><br \/>\n<\/em><\/h2>\n<\/div>\n<\/div>\n<\/div>\n<div id=\"spec\" class=\"slide\">\n<div class=\"container\">\n<div class=\"row\">\n<div class=\"col s12 l8\">\n<table class=\"striped\">\n<tbody>\n<tr>\n<td><\/td>\n<td>Connectivity<\/td>\n<td>Narrow Band IoT, Short-range communication<\/td>\n<\/tr>\n<tr>\n<td><\/td>\n<td>NB IoT band<\/td>\n<td>Band 8, Band 20, or Dual Band<\/td>\n<\/tr>\n<tr>\n<td><\/td>\n<td>Detection method<\/td>\n<td>Differential magnetic<\/td>\n<\/tr>\n<tr>\n<td><\/td>\n<td>Short-range communication capability<\/td>\n<td>Communication with external devices for identification and maintenance<\/td>\n<\/tr>\n<tr>\n<td><\/td>\n<td>Power supply<\/td>\n<td>2x Li-SOCl2 lithium battery<\/td>\n<\/tr>\n<tr>\n<td><\/td>\n<td>Voltage<\/td>\n<td>3.6 V<\/td>\n<\/tr>\n<tr>\n<td><\/td>\n<td>Capacity<\/td>\n<td>7.2 Ah<\/td>\n<\/tr>\n<tr>\n<td><\/td>\n<td>Mounting<\/td>\n<td>Flush and surface mounting solutions<\/td>\n<\/tr>\n<tr>\n<td><\/td>\n<td>Snow plough resistant<\/td>\n<td>Yes<\/td>\n<\/tr>\n<tr>\n<td><\/td>\n<td>Detection accuracy rate<\/td>\n<td>98%<\/td>\n<\/tr>\n<tr>\n<td><\/td>\n<td>Antenna<\/td>\n<td>Omnidirectional<\/td>\n<\/tr>\n<tr>\n<td><\/td>\n<td>Dimensions<\/td>\n<td>\u0444 35 mm x 200 mm | \u0444 1.38&#8243; x 7.87&#8243;<\/td>\n<\/tr>\n<tr>\n<td><\/td>\n<td>Weight<\/td>\n<td>270 g | 9.5 oz<\/td>\n<\/tr>\n<tr>\n<td><\/td>\n<td>Ingress Protection<\/td>\n<td>IP67<\/td>\n<\/tr>\n<tr>\n<td><\/td>\n<td>Color<\/td>\n<td>Black<\/td>\n<\/tr>\n<tr>\n<td><\/td>\n<td>Operating temperature<\/td>\n<td>-20\u2026+75 \u030aC | -4\u2026167 \u030aF<\/td>\n<\/tr>\n<tr>\n<td><\/td>\n<td>Storage temperature<\/td>\n<td>-40\u2026+85 \u030aC | -40\u2026185 \u030aF<\/td>\n<\/tr>\n<tr>\n<td><\/td>\n<td>SIM card*<\/td>\n<td>3FF Micro SIM \/ Embedded SIM (eUICC)<\/td>\n<\/tr>\n<\/tbody>\n<\/table>\n<p>*SIM cards should be delivered before production by NB-IoT network provider<br \/>\n<em>~ NBIoT SIMKarten&nbsp; sind <strong>vor<\/strong> Auslieferung&nbsp; via EDiGroup an den Hersteller fristgerecht&nbsp; zu senden.<\/em><\/p>\n<p>EDiGroup does work in Germany \/ EU&nbsp; with Deutsche Telekom AG, Vodafone und weiteren #NBIoT &#8211; Providern zusammen.<\/p>\n<\/div>\n<div class=\"col s12 l4\">\n<div class=\"card\">\n<div class=\"card-content\"><span class=\"card-title\">Product datasheet<\/span> <a href=\"https:\/\/mobilisis.hr\/wp-content\/themes\/mobilisis\/res\/doc\/NBPS_datasheet_ver1_4_short.pdf\" target=\"_blank\" rel=\"noopener noreferrer\"> Download<\/a><\/div>\n<\/div>\n<\/div>\n<\/div>\n<\/div>\n<\/div>\n<footer class=\"page-footer grey darken-2\">\n<div class=\"container\">\n<div class=\"row\">\n<div class=\"col l6 s12\">\n<p><a href=\"http:\/\/mobilisis.com\/\" target=\"_blank\" rel=\"noopener noreferrer\"><img decoding=\"async\" id=\"logo\" src=\"https:\/\/mobilisis.hr\/wp-content\/themes\/mobilisis\/res\/img\/logo.png\" alt=\"Mobilisis logo\"><\/a><\/p>\n<p class=\"grey-text text-lighten-4\">Information presented on this website are for illustrative purposes only and do not include any guarantees related to the sale and fitness for a particular purpose. Benefits, savings, and consequences vary depending on each individual client. All used logos are trademarks of their respective owners and are here for informational purposes.<\/p>\n<p><em>Die auf dieser Website dargestellten Informationen dienen nur der Veranschaulichung und enthalten keine Garantien in Bezug auf den Verkauf und die Eignung f\u00fcr einen bestimmten Zweck. Vorteile, Einsparungen und Konsequenzen variieren je nach individuellem Kunden. Alle verwendeten Logos sind Warenzeichen ihrer jeweiligen Eigent\u00fcmer und dienen hier zu Informationszwecken.<\/em><\/p>\n<\/div>\n<div class=\"col l4 offset-l2 s12\">\n<h5 class=\"white-text\">Join us on social media&nbsp;&nbsp;&nbsp;&nbsp;&nbsp;&nbsp; i.E.&nbsp;&nbsp;&nbsp; Facebook&nbsp; @parkingsensors<\/h5>\n<\/div>\n<\/div>\n<\/div>\n<div class=\"footer-copyright grey darken-3\">\n<div class=\"container\"><span class=\"left\">Made in Croatia.<\/span> <span class=\"right\">\u00a92018\/2019&nbsp; <a href=\"http:\/\/mobilisis.com\/\" target=\"_blank\" rel=\"noopener noreferrer\">Mobilisis d.o.o.<\/a><\/span><br \/>\nvia&nbsp; @parkingsensors and &nbsp; <a href=\"https:\/\/edigroup.de\/?page_id=2002\" target=\"_blank\" rel=\"noopener noreferrer\">https:\/\/edigroup.de\/?page_id=2002<\/a> (c) 2019&nbsp; &nbsp; <a href=\"http:\/\/edigroup.de\/?page_id=2002\">www.edigroup<\/a><\/div>\n<\/div>\n<\/footer>\n","protected":false},"excerpt":{"rendered":"<p>#TelematicInfrastructure &#8211; Portfolio&nbsp; im #InternetderDinge&nbsp; #NBIOT&nbsp;&nbsp; via&nbsp;&nbsp;&nbsp; EDiGroup &nbsp;&nbsp; auch @parkingsensors (c) Parking is a nightmare, but there is a solution&#8230; Parken ist ein Albtraum, aber es gibt eine L\u00f6sung &#8230; Narrow Band Parking Sensor Pinpoint detection&nbsp;&nbsp; \/&nbsp; Unrivaled connectivity \/ Robustness and reliability Pinpoint-Erkennung \/ konkurrenzlose Konnektivit\u00e4t \/ robust gepaart mit&nbsp; h\u00f6chster Zuverl\u00e4ssigkeit Narrow Band Parking Sensor (#NBPS) is<\/p>\n<p><a class=\"more-link\" href=\"https:\/\/www.edigroup.de\/?page_id=2341\">Weiterlesen<\/a><\/p>\n","protected":false},"author":3,"featured_media":0,"parent":2002,"menu_order":148,"comment_status":"closed","ping_status":"closed","template":"","meta":{"footnotes":""},"class_list":["post-2341","page","type-page","status-publish","hentry"],"_links":{"self":[{"href":"https:\/\/www.edigroup.de\/index.php?rest_route=\/wp\/v2\/pages\/2341","targetHints":{"allow":["GET"]}}],"collection":[{"href":"https:\/\/www.edigroup.de\/index.php?rest_route=\/wp\/v2\/pages"}],"about":[{"href":"https:\/\/www.edigroup.de\/index.php?rest_route=\/wp\/v2\/types\/page"}],"author":[{"embeddable":true,"href":"https:\/\/www.edigroup.de\/index.php?rest_route=\/wp\/v2\/users\/3"}],"replies":[{"embeddable":true,"href":"https:\/\/www.edigroup.de\/index.php?rest_route=%2Fwp%2Fv2%2Fcomments&post=2341"}],"version-history":[{"count":17,"href":"https:\/\/www.edigroup.de\/index.php?rest_route=\/wp\/v2\/pages\/2341\/revisions"}],"predecessor-version":[{"id":2616,"href":"https:\/\/www.edigroup.de\/index.php?rest_route=\/wp\/v2\/pages\/2341\/revisions\/2616"}],"up":[{"embeddable":true,"href":"https:\/\/www.edigroup.de\/index.php?rest_route=\/wp\/v2\/pages\/2002"}],"wp:attachment":[{"href":"https:\/\/www.edigroup.de\/index.php?rest_route=%2Fwp%2Fv2%2Fmedia&parent=2341"}],"curies":[{"name":"wp","href":"https:\/\/api.w.org\/{rel}","templated":true}]}}