{"id":250,"date":"2013-01-19T18:26:54","date_gmt":"2013-01-19T16:26:54","guid":{"rendered":"http:\/\/edigroup.de\/wordpress\/?page_id=250"},"modified":"2019-09-04T19:54:44","modified_gmt":"2019-09-04T17:54:44","slug":"datenschutz","status":"publish","type":"page","link":"https:\/\/www.edigroup.de\/?page_id=250","title":{"rendered":"Datenschutz"},"content":{"rendered":"<p><strong>Datenschutz<\/strong><\/p>\n<p>Wir, die (EDiGroup) nehmen den Schutz Ihrer pers\u00f6nlichen Daten sehr ernst und halten uns strikt an die Regeln der Datenschutzgesetze. Personenbezogene Daten werden auf dieser Webseite nur im technisch notwendigen Umfang erhoben. In keinem Fall werden die erhobenen Daten verkauft oder aus anderen Gr\u00fcnden an Dritte weitergegeben.<\/p>\n<p>Die nachfolgende Erkl\u00e4rung gibt Ihnen einen \u00dcberblick dar\u00fcber, wie wir diesen Schutz gew\u00e4hrleisten und welche Art von Daten zu welchem Zweck erhoben werden.<\/p>\n<p><strong>Datenverarbeitung auf dieser Internetseite<\/strong><\/p>\n<p>(EDiGroup) erhebt und speichert automatisch in ihren Server Log Files Informationen, die Ihr Browser an uns \u00fcbermittelt. Dies sind:<\/p>\n<p>Browsertyp\/ -version<br \/>\nverwendetes Betriebssystem<br \/>\nReferrer URL (die zuvor besuchte Seite)<br \/>\nHostname des zugreifenden Rechners (IP Adresse)<br \/>\nUhrzeit der Serveranfrage.<br \/>\nDiese Daten sind f\u00fcr (EDiGroup) nicht bestimmten Personen zuordenbar. Eine Zusammenf\u00fchrung dieser Daten mit anderen Datenquellen wird nicht vorgenommen, die Daten werden zudem nach einer statistischen Auswertung gel\u00f6scht.<\/p>\n<p><strong>Cookies<\/strong><\/p>\n<p>Die Internetseiten verwenden an mehreren Stellen so genannte Cookies. Sie dienen dazu, unser Angebot nutzerfreundlicher, effektiver und sicherer zu machen. Cookies sind kleine Textdateien, die auf Ihrem Rechner abgelegt werden und die Ihr Browser speichert. Die meisten der von uns verwendeten Cookies sind so genannte \u201eSession-Cookies\u201c. Sie werden nach Ende Ihres Besuchs automatisch gel\u00f6scht. Cookies richten auf Ihrem Rechner keinen Schaden an und enthalten keine Viren.<\/p>\n<p><strong>Auskunftsrecht<\/strong><\/p>\n<p>Sie haben jederzeit das Recht auf Auskunft \u00fcber die bez\u00fcglich Ihrer Person gespeicherten Daten, deren Herkunft und Empf\u00e4nger sowie den Zweck der Speicherung. Auskunft \u00fcber die gespeicherten Daten gibt der Datenschutzbeauftragte (der EDiGroup, als&nbsp; Email-<a title=\"Kontakt\" href=\"http:\/\/edigroup.de\/?page_id=20\">E-Mail<\/a> ausf\u00fchren).<\/p>\n<p><strong>Weitere Informationen<\/strong><\/p>\n<p>Ihr Vertrauen ist uns wichtig. Daher m\u00f6chten wir Ihnen jederzeit Rede und Antwort bez\u00fcglich der Verarbeitung Ihrer personenbezogenen Daten stehen. Wenn Sie Fragen haben, die Ihnen diese Datenschutzerkl\u00e4rung nicht beantworten konnte oder wenn Sie zu einem Punkt vertiefte Informationen w\u00fcnschen, wenden Sie sich bitte jederzeit an den Datenschutzbeauftragten (der EDiGroup, als Email-<a title=\"Kontakt\" href=\"http:\/\/edigroup.de\/?page_id=20\">E-Mail<\/a>).<\/p>\n<p>Stand Mai 2018&nbsp; (c)<\/p>\n<p>Inhaltlich Verantwortlich: EDiGroup<\/p>\n<p>Datenschutzrechtlich Verantwortlich: EDiGroup<\/p>\n<p>Datenschutzerkl\u00e4rung<\/p>\n<p>Diese Website fragt an keiner Stelle personenbezogene Daten von Ihnen ab, verwendet keine Cookies und setzt keine Tracker und\/oder andere Analyseprogramme ein.<\/p>\n<p>Unser Webserver speichert beim Abruf einer Seite in einer Protokolldatei die folgenden Angaben: Datum und Zeit des Abrufs, Ihre IP-Adresse, die aufgerufene Seite, ggf. die Seite, von der zu der aufgerufenen Seite verlinkt wurde, ggf. die Suchbegriffe, \u00fcber die Sie die aufgerufene Seite gefunden haben, und Angaben zu dem von Ihren verwendeten Browser und Betriebssystem. Dieses Protokoll wird ausschlie\u00dflich f\u00fcr den Zweck der technischen \u00dcberwachung des Servers, zur Fehlersuche und zur Erkennung von Angriffen verwendet und im Regelfall nach sieben Tagen gel\u00f6scht.<\/p>\n<p>Sie haben als Nutzer das Recht, auf Antrag eine kostenlose Auskunft dar\u00fcber zu erhalten, welche personenbezogenen Daten \u00fcber Sie gespeichert wurden. Sie k\u00f6nnen jederzeit von ihrem Widerspruchsrecht Gebrauch machen und der Verarbeitung Ihrer personenbezogenen Daten widersprechen. Sie haben au\u00dferdem das Recht auf Berichtigung falscher Daten und auf die L\u00f6schung Ihrer personenbezogenen Daten. Bitte wenden Sie sich dazu an folgende E-Mail-Adresse: datenschutz att&nbsp;&nbsp;&nbsp; edigroup&nbsp;&nbsp; dot&nbsp;&nbsp;&nbsp; de.<br \/>\nDa diese Website aber &#8211; siehe oben &#8211; au\u00dfer technischen Protokolldateien keine personenbezogenen Daten von Ihnen speichert, sind diesbez\u00fcgliche Anfragen mit hoher Wahrscheinlichkeit erfolglos.<\/p>\n<p>Weiterhin haben Sie das Recht zur Beschwerde bei der zust\u00e4ndigen Aufsichtsbeh\u00f6rde: <a class=\"moz-txt-link-freetext\" href=\"https:\/\/datenschutz.hessen.de\/\">https:\/\/datenschutz.hessen.de\/<\/a><\/p>\n<p>(c)<\/p>\n","protected":false},"excerpt":{"rendered":"<p>Datenschutz Wir, die (EDiGroup) nehmen den Schutz Ihrer pers\u00f6nlichen Daten sehr ernst und halten uns strikt an die Regeln der Datenschutzgesetze. Personenbezogene Daten werden auf dieser Webseite nur im technisch notwendigen Umfang erhoben. In keinem Fall werden die erhobenen Daten verkauft oder aus anderen Gr\u00fcnden an Dritte weitergegeben. Die nachfolgende Erkl\u00e4rung gibt Ihnen einen \u00dcberblick dar\u00fcber, wie wir diesen Schutz<\/p>\n<p><a class=\"more-link\" href=\"https:\/\/www.edigroup.de\/?page_id=250\">Weiterlesen<\/a><\/p>\n","protected":false},"author":1,"featured_media":0,"parent":0,"menu_order":211,"comment_status":"closed","ping_status":"open","template":"","meta":{"footnotes":""},"class_list":["post-250","page","type-page","status-publish","hentry"],"_links":{"self":[{"href":"https:\/\/www.edigroup.de\/index.php?rest_route=\/wp\/v2\/pages\/250","targetHints":{"allow":["GET"]}}],"collection":[{"href":"https:\/\/www.edigroup.de\/index.php?rest_route=\/wp\/v2\/pages"}],"about":[{"href":"https:\/\/www.edigroup.de\/index.php?rest_route=\/wp\/v2\/types\/page"}],"author":[{"embeddable":true,"href":"https:\/\/www.edigroup.de\/index.php?rest_route=\/wp\/v2\/users\/1"}],"replies":[{"embeddable":true,"href":"https:\/\/www.edigroup.de\/index.php?rest_route=%2Fwp%2Fv2%2Fcomments&post=250"}],"version-history":[{"count":2,"href":"https:\/\/www.edigroup.de\/index.php?rest_route=\/wp\/v2\/pages\/250\/revisions"}],"predecessor-version":[{"id":2597,"href":"https:\/\/www.edigroup.de\/index.php?rest_route=\/wp\/v2\/pages\/250\/revisions\/2597"}],"wp:attachment":[{"href":"https:\/\/www.edigroup.de\/index.php?rest_route=%2Fwp%2Fv2%2Fmedia&parent=250"}],"curies":[{"name":"wp","href":"https:\/\/api.w.org\/{rel}","templated":true}]}}