{"id":82,"date":"2011-05-30T16:23:21","date_gmt":"2011-05-30T14:23:21","guid":{"rendered":"http:\/\/edigroup.de\/?page_id=82"},"modified":"2019-09-04T19:54:23","modified_gmt":"2019-09-04T17:54:23","slug":"impressum","status":"publish","type":"page","link":"https:\/\/www.edigroup.de\/?page_id=82","title":{"rendered":"Impressum"},"content":{"rendered":"<p>[:de]<\/p>\n<h2><span style=\"font-size: 18px; line-height: 27px;\">Angaben nach \u00a76&nbsp;<a href=\"http:\/\/www.netlaw.de\/gesetze\/tdg.htm\">Teledienstgesetz (TDG)<\/a><\/span><\/h2>\n<h4>Wolf Internationale Unternehmensberatung<br \/>\nWolf<br \/>\nBalzenbacher Str.&nbsp; 56<\/h4>\n<h4>69488 Birkenau<\/h4>\n<p><a href=\"mailto:wolf@edigroup.de\">E-Mail<\/a><\/p>\n<h4>Ust.-Id-Nr: DE 81 zwo zwo 89&nbsp; 29 5<\/h4>\n<h3>Angaben nach dem&nbsp;<a href=\"http:\/\/www.netlaw.de\/gesetze\/mdstv.htm\">Staatsvertrag \u00fcber Mediendienste (MDStV)<\/a><\/h3>\n<h4>Inhaltlich Verantwortlicher gem\u00e4\u00df \u00a7 6 Abs. 2 MDStV:<br \/>\nK.-M. Wolf<\/h4>\n<h4>Beauftragter f\u00fcr Jugendschutz gem\u00e4\u00df \u00a7 8 Abs. 4 MDStV:&nbsp;K.-M. Wolf<\/h4>\n<h3>Haftung f\u00fcr Links<\/h3>\n<h4>Am 12. Mai 1998 hat das Landgericht Hamburg entschieden, da\u00df man durch die Anbringung eines Links die Inhalte der gelinkten Seite eventuell mit zu verantworten hat.<\/h4>\n<h4><a href=\"http:\/\/www.braunschweig.ihk.de\/\">(LG Hamburg 312 O 85\/98 \u2013 Haftung f\u00fcr Links)<\/a><\/h4>\n<h4>Trotz sorgf\u00e4ltiger inhaltlicher Kontrolle bei der Einrichtung externer Links ist eine st\u00e4ndige umfassende weitere Kontrolle auf ver\u00e4nderte Inhalte nicht m\u00f6glich.<\/h4>\n<h4>Da die&nbsp;Wolf Internationale Unternehmensberatung&nbsp;keinen Einflu\u00df auf die Inhalte der verlinkten Seiten hat, distanziert sich die&nbsp;Wolf Internationale Unternehmensberatung<br \/>\nausdr\u00fccklich von diesen Inhalten, macht sich diese Inhalte nicht zu eigen und kann keine Haftung daf\u00fcr \u00fcbernehmen. Das Folgen von Links zu anderen Seiten au\u00dferhalb dieser Website, geschieht auf eigene Gefahr und Verantwortung. F\u00fcr den Inhalt der verlinkten Seiten sind ausschlie\u00dflich deren Betreiber verantwortlich.<\/h4>\n<h4>Desweiteren \u00fcbernimmt die&nbsp;Wolf Internationale Unternehmensberatung&nbsp;keine Haftung f\u00fcr die Richtigkeit, Wahrheit und Aktualit\u00e4t des verlinkten Text- und Bildmaterials, sowie f\u00fcr Sch\u00e4den, die durch das Herunterladen, Installieren oder Verwenden der verlinkten Informationen und Software entstehen.<\/h4>\n<h2><span style=\"font-size: 18px; line-height: 27px;\">Copyright (c)<br \/>\n<\/span><\/h2>\n<h4>F\u00fcr alle Seiten dieser Website liegt das Copyright bei der&nbsp;Wolf Internationale Unternehmensberatung&nbsp;oder es liegt die ausdr\u00fcckliche Zustimmung des Copyright-Inhabers vor oder dieser war trotz aller Bem\u00fchungen nicht auffindbar. Berechtigten Copyrightanspr\u00fcchen wird sofort entsprochen. Texte und Bilder d\u00fcrfen nicht ohne ausdr\u00fcckliche Zustimmung der&nbsp;Wolf Internationale Unternehmensberatung&nbsp;oder des jeweiligen Copyright-Inhabers genutzt und\/oder weiterverwendet werden.<\/h4>\n<p>&nbsp;<\/p>\n<p>Stand 2015[:en]<\/p>\n<h2><span style=\"font-size: 18px; line-height: 27px;\">Angaben nach \u00a76&nbsp;<a href=\"http:\/\/www.netlaw.de\/gesetze\/tdg.htm\">Teledienstgesetz (TDG)<\/a><\/span><\/h2>\n<h4>Wolf Internationale Unternehmensberatung<br \/>\nK.-M. Wolf<br \/>\nBalzenbacher Str.&nbsp; 56<\/h4>\n<h4>69488 Birkenau<\/h4>\n<p><a href=\"mailto:wolf@edigroup.de\">E-Mail<\/a><\/p>\n<h4>Ust.-Id-Nr: DE 81 22 89&nbsp; 29 5<\/h4>\n<h3>Angaben nach dem&nbsp;<a href=\"http:\/\/www.netlaw.de\/gesetze\/mdstv.htm\">Staatsvertrag \u00fcber Mediendienste (MDStV)<\/a><\/h3>\n<h4>Inhaltlich Verantwortlicher gem\u00e4\u00df \u00a7 6 Abs. 2 MDStV:<br \/>\nK.-M. Wolf<\/h4>\n<h4>Beauftragter f\u00fcr Jugendschutz gem\u00e4\u00df \u00a7 8 Abs. 4 MDStV:&nbsp;K.-M. Wolf<\/h4>\n<h3>Haftung f\u00fcr Links<\/h3>\n<h4>Am 12. Mai 1998 hat das Landgericht Hamburg entschieden, da\u00df man durch die Anbringung eines Links die Inhalte der gelinkten Seite eventuell mit zu verantworten hat.<\/h4>\n<h4><a href=\"http:\/\/www.braunschweig.ihk.de\/\">(LG Hamburg 312 O 85\/98 \u2013 Haftung f\u00fcr Links)<\/a><\/h4>\n<h4>Trotz sorgf\u00e4ltiger inhaltlicher Kontrolle bei der Einrichtung externer Links ist eine st\u00e4ndige umfassende weitere Kontrolle auf ver\u00e4nderte Inhalte nicht m\u00f6glich.<\/h4>\n<h4>Da die&nbsp;Wolf Internationale Unternehmensberatung&nbsp;keinen Einflu\u00df auf die Inhalte der verlinkten Seiten hat, distanziert sich die&nbsp;Wolf Internationale Unternehmensberatung<br \/>\nausdr\u00fccklich von diesen Inhalten, macht sich diese Inhalte nicht zu eigen und kann keine Haftung daf\u00fcr \u00fcbernehmen. Das Folgen von Links zu anderen Seiten au\u00dferhalb dieser Website, geschieht auf eigene Gefahr und Verantwortung. F\u00fcr den Inhalt der verlinkten Seiten sind ausschlie\u00dflich deren Betreiber verantwortlich.<\/h4>\n<h4>Desweiteren \u00fcbernimmt die&nbsp;Wolf Internationale Unternehmensberatung&nbsp;keine Haftung f\u00fcr die Richtigkeit, Wahrheit und Aktualit\u00e4t des verlinkten Text- und Bildmaterials, sowie f\u00fcr Sch\u00e4den, die durch das Herunterladen, Installieren oder Verwenden der verlinkten Informationen und Software entstehen.<\/h4>\n<h2><span style=\"font-size: 18px; line-height: 27px;\">Copyright (c)<br \/>\n<\/span><\/h2>\n<h4>F\u00fcr alle Seiten dieser Website liegt das Copyright bei der&nbsp;Wolf Internationale Unternehmensberatung&nbsp;oder es liegt die ausdr\u00fcckliche Zustimmung des Copyright-Inhabers vor oder dieser war trotz aller Bem\u00fchungen nicht auffindbar. Berechtigten Copyrightanspr\u00fcchen wird sofort entsprochen. Texte und Bilder d\u00fcrfen nicht ohne ausdr\u00fcckliche Zustimmung der&nbsp;Wolf Internationale Unternehmensberatung&nbsp;oder des jeweiligen Copyright-Inhabers genutzt und\/oder weiterverwendet werden.<\/h4>\n<p>&nbsp;<\/p>\n<p>Stand 2015[:]<\/p>\n","protected":false},"excerpt":{"rendered":"<p>[:de] Angaben nach \u00a76&nbsp;Teledienstgesetz (TDG) Wolf Internationale Unternehmensberatung Wolf Balzenbacher Str.&nbsp; 56 69488 Birkenau E-Mail Ust.-Id-Nr: DE 81 zwo zwo 89&nbsp; 29 5 Angaben nach dem&nbsp;Staatsvertrag \u00fcber Mediendienste (MDStV) Inhaltlich Verantwortlicher gem\u00e4\u00df \u00a7 6 Abs. 2 MDStV: K.-M. Wolf Beauftragter f\u00fcr Jugendschutz gem\u00e4\u00df \u00a7 8 Abs. 4 MDStV:&nbsp;K.-M. Wolf Haftung f\u00fcr Links Am 12. Mai 1998 hat das Landgericht Hamburg<\/p>\n<p><a class=\"more-link\" href=\"https:\/\/www.edigroup.de\/?page_id=82\">Weiterlesen<\/a><\/p>\n","protected":false},"author":1,"featured_media":0,"parent":0,"menu_order":210,"comment_status":"closed","ping_status":"open","template":"","meta":{"footnotes":""},"class_list":["post-82","page","type-page","status-publish","hentry"],"_links":{"self":[{"href":"https:\/\/www.edigroup.de\/index.php?rest_route=\/wp\/v2\/pages\/82","targetHints":{"allow":["GET"]}}],"collection":[{"href":"https:\/\/www.edigroup.de\/index.php?rest_route=\/wp\/v2\/pages"}],"about":[{"href":"https:\/\/www.edigroup.de\/index.php?rest_route=\/wp\/v2\/types\/page"}],"author":[{"embeddable":true,"href":"https:\/\/www.edigroup.de\/index.php?rest_route=\/wp\/v2\/users\/1"}],"replies":[{"embeddable":true,"href":"https:\/\/www.edigroup.de\/index.php?rest_route=%2Fwp%2Fv2%2Fcomments&post=82"}],"version-history":[{"count":4,"href":"https:\/\/www.edigroup.de\/index.php?rest_route=\/wp\/v2\/pages\/82\/revisions"}],"predecessor-version":[{"id":2596,"href":"https:\/\/www.edigroup.de\/index.php?rest_route=\/wp\/v2\/pages\/82\/revisions\/2596"}],"wp:attachment":[{"href":"https:\/\/www.edigroup.de\/index.php?rest_route=%2Fwp%2Fv2%2Fmedia&parent=82"}],"curies":[{"name":"wp","href":"https:\/\/api.w.org\/{rel}","templated":true}]}}